{"id":28779,"date":"2025-10-04T21:14:43","date_gmt":"2025-10-04T21:14:43","guid":{"rendered":"https:\/\/angry-hodgkin.217-154-19-156.plesk.page\/?page_id=28779"},"modified":"2026-02-11T20:10:43","modified_gmt":"2026-02-11T20:10:43","slug":"mentions-legales","status":"publish","type":"page","link":"https:\/\/drfishing.fr\/en\/mentions-legales\/","title":{"rendered":"Legal notices"},"content":{"rendered":"<div data-elementor-type=\"wp-page\" data-elementor-id=\"28779\" class=\"elementor elementor-28779\">\n\t\t\t\t<div class=\"wd-negative-gap elementor-element elementor-element-dc1d549 wd-section-stretch e-flex e-con-boxed e-con e-parent\" data-id=\"dc1d549\" data-element_type=\"container\" data-e-type=\"container\" data-settings=\"{&quot;background_background&quot;:&quot;classic&quot;}\">\n\t\t\t\t\t<div class=\"e-con-inner\">\n\t\t\t\t<div class=\"elementor-element elementor-element-bc1dbce wd-width-100 elementor-widget elementor-widget-wd_title\" data-id=\"bc1dbce\" data-element_type=\"widget\" data-e-type=\"widget\" data-widget_type=\"wd_title.default\">\n\t\t\t\t<div class=\"elementor-widget-container\">\n\t\t\t\t\t\t\t<div class=\"title-wrapper wd-set-mb reset-last-child wd-title-color-primary wd-title-style-default wd-title-size-extra-large text-left\">\n\n\t\t\t\t\t\t\t\t\t\t\t<div class=\"title-subtitle subtitle-color-primary subtitle-style-default wd-fontsize-m\">\n\t\t\t\t\tINFORMATION\t\t\t\t<\/div>\n\t\t\t\n\t\t\t<div class=\"liner-continer\">\n\t\t\t\t<h4 class=\"woodmart-title-container title wd-fontsize-xxxl\">Legal notices<\/h4> \n\t\t\t\t\t\t\t<\/div>\n\n\t\t\t\t\t<\/div>\n\t\t\t\t\t\t<\/div>\n\t\t\t\t<\/div>\n\t\t\t\t\t<\/div>\n\t\t\t\t<\/div>\n\t\t<div class=\"wd-negative-gap elementor-element elementor-element-414d7b6 e-flex e-con-boxed e-con e-parent\" data-id=\"414d7b6\" data-element_type=\"container\" data-e-type=\"container\">\n\t\t\t\t\t<div class=\"e-con-inner\">\n\t\t\t\t<div class=\"elementor-element elementor-element-3601a3f color-scheme-inherit text-left elementor-widget elementor-widget-text-editor\" data-id=\"3601a3f\" data-element_type=\"widget\" data-e-type=\"widget\" data-widget_type=\"text-editor.default\">\n\t\t\t\t<div class=\"elementor-widget-container\">\n\t\t\t\t\t\t\t\t\t\n<p>In accordance with the provisions of Law No. 2004-575 of June 21, 2004 on confidence in the digital economy, users of the DR Fishing site are informed of the identity of the various parties involved in its creation and monitoring.<\/p>\n\n<p><strong>Website editing\u00a0<\/strong><\/p>\n\n<p>This site, accessible at the URL www.dr-fishing.fr (the \u201cSite\u201d), is published by:<\/p>\n<p>DR FISHING, a company with a capital of 10,000 euros, registered with the BOURG-EN-BRESSE Trade and Companies Register under number 939 395 216 RCS Bourg-en-bresse, whose registered office is located at 570 CHEMIN DE DERONTET, 01360 BELIGNEUX, represented by Didier Riche, duly authorized<\/p>\n\n<p>The publisher&#039;s individual VAT number is: FR40939395216.<\/p>\n\n<p><strong>Accommodation<\/strong><\/p>\n<p>The Site is hosted by the company 1&amp;1 \/ IONOS, located at 7 Place de la Gare \u2013 57200 Sarreguemines, (telephone or email contact: (+33) 9 70 80 89 11).<\/p>\n\n<p><strong>Publication Director\u00a0<\/strong><\/p>\n<p>The Director of Publication for the Site is Didier Riche.<\/p>\n\n<p><strong>Contact us\u00a0<\/strong><\/p>\n\n<p>By email: contact@drfishing.fr<\/p>\n\n<p>By mail: 570 CHEMIN DE DERONTET, 01360 BELIGNEUX<\/p>\n\n<p>\u00a0<\/p>\n\t\t\t\t\t\t\t\t<\/div>\n\t\t\t\t<\/div>\n\t\t\t\t\t<\/div>\n\t\t\t\t<\/div>\n\t\t\t\t<\/div>","protected":false},"excerpt":{"rendered":"<p>INFORMATIONS Mentions l\u00e9gales Conform\u00e9ment aux dispositions de la loi n\u00b0 2004-575 du 21 juin 2004 pour la confiance en l&rsquo;\u00e9conomie<\/p>","protected":false},"author":1,"featured_media":0,"parent":0,"menu_order":0,"comment_status":"closed","ping_status":"closed","template":"elementor_header_footer","meta":{"footnotes":""},"class_list":["post-28779","page","type-page","status-publish","hentry"],"yoast_head":"<!-- This site is optimized with the Yoast SEO plugin v27.1.1 - https:\/\/yoast.com\/product\/yoast-seo-wordpress\/ -->\n<title>Mentions l\u00e9gales - DR Fishing<\/title>\n<meta name=\"robots\" content=\"index, follow, max-snippet:-1, max-image-preview:large, max-video-preview:-1\" \/>\n<link rel=\"canonical\" href=\"https:\/\/drfishing.fr\/en\/mentions-legales\/\" \/>\n<meta property=\"og:locale\" content=\"en_US\" \/>\n<meta property=\"og:type\" content=\"article\" \/>\n<meta property=\"og:title\" content=\"Mentions l\u00e9gales - DR Fishing\" \/>\n<meta property=\"og:description\" content=\"INFORMATIONS Mentions l\u00e9gales Conform\u00e9ment aux dispositions de la loi n\u00b0 2004-575 du 21 juin 2004 pour la confiance en l&rsquo;\u00e9conomie\" \/>\n<meta property=\"og:url\" content=\"https:\/\/drfishing.fr\/en\/mentions-legales\/\" \/>\n<meta property=\"og:site_name\" content=\"DR Fishing\" \/>\n<meta property=\"article:publisher\" content=\"https:\/\/www.facebook.com\/drfishingofficiel\" \/>\n<meta property=\"article:modified_time\" content=\"2026-02-11T20:10:43+00:00\" \/>\n<meta property=\"og:image\" content=\"https:\/\/drfishing.fr\/wp-content\/uploads\/2021\/08\/logo.png\" \/>\n\t<meta property=\"og:image:width\" content=\"1890\" \/>\n\t<meta property=\"og:image:height\" content=\"378\" \/>\n\t<meta property=\"og:image:type\" content=\"image\/png\" \/>\n<meta name=\"twitter:card\" content=\"summary_large_image\" \/>\n<meta name=\"twitter:label1\" content=\"Est. reading time\" \/>\n\t<meta name=\"twitter:data1\" content=\"1 minute\" \/>\n<script type=\"application\/ld+json\" class=\"yoast-schema-graph\">{\"@context\":\"https:\/\/schema.org\",\"@graph\":[{\"@type\":\"WebPage\",\"@id\":\"https:\/\/drfishing.fr\/mentions-legales\/\",\"url\":\"https:\/\/drfishing.fr\/mentions-legales\/\",\"name\":\"Mentions l\u00e9gales - DR Fishing\",\"isPartOf\":{\"@id\":\"https:\/\/drfishing.fr\/en\/#website\"},\"datePublished\":\"2025-10-04T21:14:43+00:00\",\"dateModified\":\"2026-02-11T20:10:43+00:00\",\"breadcrumb\":{\"@id\":\"https:\/\/drfishing.fr\/mentions-legales\/#breadcrumb\"},\"inLanguage\":\"en-US\",\"potentialAction\":[{\"@type\":\"ReadAction\",\"target\":[\"https:\/\/drfishing.fr\/mentions-legales\/\"]}]},{\"@type\":\"BreadcrumbList\",\"@id\":\"https:\/\/drfishing.fr\/mentions-legales\/#breadcrumb\",\"itemListElement\":[{\"@type\":\"ListItem\",\"position\":1,\"name\":\"Accueil\",\"item\":\"https:\/\/drfishing.fr\/en\/\"},{\"@type\":\"ListItem\",\"position\":2,\"name\":\"Mentions l\u00e9gales\"}]},{\"@type\":\"WebSite\",\"@id\":\"https:\/\/drfishing.fr\/en\/#website\",\"url\":\"https:\/\/drfishing.fr\/en\/\",\"name\":\"DR Fishing\",\"description\":\"La pr\u00e9cision au service de vos sessions\",\"publisher\":{\"@id\":\"https:\/\/drfishing.fr\/en\/#organization\"},\"potentialAction\":[{\"@type\":\"SearchAction\",\"target\":{\"@type\":\"EntryPoint\",\"urlTemplate\":\"https:\/\/drfishing.fr\/en\/?s={search_term_string}\"},\"query-input\":{\"@type\":\"PropertyValueSpecification\",\"valueRequired\":true,\"valueName\":\"search_term_string\"}}],\"inLanguage\":\"en-US\"},{\"@type\":\"Organization\",\"@id\":\"https:\/\/drfishing.fr\/en\/#organization\",\"name\":\"DR Fishing\",\"url\":\"https:\/\/drfishing.fr\/en\/\",\"logo\":{\"@type\":\"ImageObject\",\"inLanguage\":\"en-US\",\"@id\":\"https:\/\/drfishing.fr\/en\/#\/schema\/logo\/image\/\",\"url\":\"https:\/\/drfishing.fr\/wp-content\/uploads\/2026\/02\/favicon.png\",\"contentUrl\":\"https:\/\/drfishing.fr\/wp-content\/uploads\/2026\/02\/favicon.png\",\"width\":512,\"height\":512,\"caption\":\"DR Fishing\"},\"image\":{\"@id\":\"https:\/\/drfishing.fr\/en\/#\/schema\/logo\/image\/\"},\"sameAs\":[\"https:\/\/www.facebook.com\/drfishingofficiel\"]}]}<\/script>\n<!-- \/ Yoast SEO plugin. -->","yoast_head_json":{"title":"Mentions l\u00e9gales - DR Fishing","robots":{"index":"index","follow":"follow","max-snippet":"max-snippet:-1","max-image-preview":"max-image-preview:large","max-video-preview":"max-video-preview:-1"},"canonical":"https:\/\/drfishing.fr\/en\/mentions-legales\/","og_locale":"en_US","og_type":"article","og_title":"Mentions l\u00e9gales - DR Fishing","og_description":"INFORMATIONS Mentions l\u00e9gales Conform\u00e9ment aux dispositions de la loi n\u00b0 2004-575 du 21 juin 2004 pour la confiance en l&rsquo;\u00e9conomie","og_url":"https:\/\/drfishing.fr\/en\/mentions-legales\/","og_site_name":"DR Fishing","article_publisher":"https:\/\/www.facebook.com\/drfishingofficiel","article_modified_time":"2026-02-11T20:10:43+00:00","og_image":[{"width":1890,"height":378,"url":"https:\/\/drfishing.fr\/wp-content\/uploads\/2021\/08\/logo.png","type":"image\/png"}],"twitter_card":"summary_large_image","twitter_misc":{"Est. reading time":"1 minute"},"schema":{"@context":"https:\/\/schema.org","@graph":[{"@type":"WebPage","@id":"https:\/\/drfishing.fr\/mentions-legales\/","url":"https:\/\/drfishing.fr\/mentions-legales\/","name":"Mentions l\u00e9gales - DR Fishing","isPartOf":{"@id":"https:\/\/drfishing.fr\/en\/#website"},"datePublished":"2025-10-04T21:14:43+00:00","dateModified":"2026-02-11T20:10:43+00:00","breadcrumb":{"@id":"https:\/\/drfishing.fr\/mentions-legales\/#breadcrumb"},"inLanguage":"en-US","potentialAction":[{"@type":"ReadAction","target":["https:\/\/drfishing.fr\/mentions-legales\/"]}]},{"@type":"BreadcrumbList","@id":"https:\/\/drfishing.fr\/mentions-legales\/#breadcrumb","itemListElement":[{"@type":"ListItem","position":1,"name":"Accueil","item":"https:\/\/drfishing.fr\/en\/"},{"@type":"ListItem","position":2,"name":"Mentions l\u00e9gales"}]},{"@type":"WebSite","@id":"https:\/\/drfishing.fr\/en\/#website","url":"https:\/\/drfishing.fr\/en\/","name":"DR Fishing","description":"Precision at the service of your sessions","publisher":{"@id":"https:\/\/drfishing.fr\/en\/#organization"},"potentialAction":[{"@type":"SearchAction","target":{"@type":"EntryPoint","urlTemplate":"https:\/\/drfishing.fr\/en\/?s={search_term_string}"},"query-input":{"@type":"PropertyValueSpecification","valueRequired":true,"valueName":"search_term_string"}}],"inLanguage":"en-US"},{"@type":"Organization","@id":"https:\/\/drfishing.fr\/en\/#organization","name":"DR Fishing","url":"https:\/\/drfishing.fr\/en\/","logo":{"@type":"ImageObject","inLanguage":"en-US","@id":"https:\/\/drfishing.fr\/en\/#\/schema\/logo\/image\/","url":"https:\/\/drfishing.fr\/wp-content\/uploads\/2026\/02\/favicon.png","contentUrl":"https:\/\/drfishing.fr\/wp-content\/uploads\/2026\/02\/favicon.png","width":512,"height":512,"caption":"DR Fishing"},"image":{"@id":"https:\/\/drfishing.fr\/en\/#\/schema\/logo\/image\/"},"sameAs":["https:\/\/www.facebook.com\/drfishingofficiel"]}]}},"_links":{"self":[{"href":"https:\/\/drfishing.fr\/en\/wp-json\/wp\/v2\/pages\/28779","targetHints":{"allow":["GET"]}}],"collection":[{"href":"https:\/\/drfishing.fr\/en\/wp-json\/wp\/v2\/pages"}],"about":[{"href":"https:\/\/drfishing.fr\/en\/wp-json\/wp\/v2\/types\/page"}],"author":[{"embeddable":true,"href":"https:\/\/drfishing.fr\/en\/wp-json\/wp\/v2\/users\/1"}],"replies":[{"embeddable":true,"href":"https:\/\/drfishing.fr\/en\/wp-json\/wp\/v2\/comments?post=28779"}],"version-history":[{"count":21,"href":"https:\/\/drfishing.fr\/en\/wp-json\/wp\/v2\/pages\/28779\/revisions"}],"predecessor-version":[{"id":29122,"href":"https:\/\/drfishing.fr\/en\/wp-json\/wp\/v2\/pages\/28779\/revisions\/29122"}],"wp:attachment":[{"href":"https:\/\/drfishing.fr\/en\/wp-json\/wp\/v2\/media?parent=28779"}],"curies":[{"name":"wp","href":"https:\/\/api.w.org\/{rel}","templated":true}]}}