{"id":28131,"date":"2025-06-10T22:19:19","date_gmt":"2025-06-10T22:19:19","guid":{"rendered":"https:\/\/angry-hodgkin.217-154-19-156.plesk.page\/?post_type=product&#038;p=28131"},"modified":"2026-02-21T16:39:54","modified_gmt":"2026-02-21T16:39:54","slug":"equerre-de-fixation-sur-plancher-accessoire-support-de-perche","status":"publish","type":"product","link":"https:\/\/drfishing.fr\/en\/product\/equerre-de-fixation-sur-plancher-accessoire-support-de-perche\/","title":{"rendered":"Floor mounting bracket"},"content":{"rendered":"<p class=\"p1\">To allow direct fixing to the floor and avoid the edge of the boat, we offer a bracket.<\/p>\n<p class=\"p1\">Material: 316L stainless steel with electropolished finish.<\/p>\n<p class=\"p1\">It is supplied with a set of 6x FHC screws + 6x A2 stainless steel cup washers for fixing the pole support to the bracket.<\/p>\n<p>Reference :\u00a0<strong>SP001A01<\/strong><\/p>","protected":false},"excerpt":{"rendered":"<p><strong>SP001A01 Floor Mounting Bracket<\/strong> Made of electropolished 316L stainless steel, ideal for direct floor mounting with an offset to clear the edge of the boat. Supplied with all necessary stainless steel screws.<\/p>","protected":false},"featured_media":28917,"template":"","meta":[],"product_brand":[],"product_cat":[76],"product_tag":[],"class_list":{"0":"post-28131","1":"product","2":"type-product","3":"status-publish","4":"has-post-thumbnail","6":"product_cat-accessoire","8":"first","9":"instock","10":"shipping-taxable","11":"purchasable","12":"product-type-simple"},"yoast_head":"<!-- This site is optimized with the Yoast SEO plugin v27.1.1 - https:\/\/yoast.com\/product\/yoast-seo-wordpress\/ -->\n<title>\u00c9querre de fixation sur plancher - DR Fishing<\/title>\n<meta name=\"robots\" content=\"index, follow, max-snippet:-1, max-image-preview:large, max-video-preview:-1\" \/>\n<link rel=\"canonical\" href=\"https:\/\/drfishing.fr\/en\/product\/equerre-de-fixation-sur-plancher-accessoire-support-de-perche\/\" \/>\n<meta property=\"og:locale\" content=\"en_US\" \/>\n<meta property=\"og:type\" content=\"article\" \/>\n<meta property=\"og:title\" content=\"\u00c9querre de fixation sur plancher - DR Fishing\" \/>\n<meta property=\"og:description\" content=\"\u00c9querre de fixation sur plancher SP001A01 en inox 316L \u00e9lectropoli, id\u00e9ale pour une fixation directe sur plancher avec d\u00e9port pour \u00e9chapper le bord de l\u2019embarcation. Livr\u00e9e avec visserie compl\u00e8te en inox.\" \/>\n<meta property=\"og:url\" content=\"https:\/\/drfishing.fr\/en\/product\/equerre-de-fixation-sur-plancher-accessoire-support-de-perche\/\" \/>\n<meta property=\"og:site_name\" content=\"DR Fishing\" \/>\n<meta property=\"article:publisher\" content=\"https:\/\/www.facebook.com\/drfishingofficiel\" \/>\n<meta property=\"article:modified_time\" content=\"2026-02-21T16:39:54+00:00\" \/>\n<meta property=\"og:image\" content=\"https:\/\/drfishing.fr\/wp-content\/uploads\/2025\/06\/SP001A01-1.webp\" \/>\n\t<meta property=\"og:image:width\" content=\"1280\" \/>\n\t<meta property=\"og:image:height\" content=\"1280\" \/>\n\t<meta property=\"og:image:type\" content=\"image\/webp\" \/>\n<meta name=\"twitter:card\" content=\"summary_large_image\" \/>\n<meta name=\"twitter:label1\" content=\"Est. reading time\" \/>\n\t<meta name=\"twitter:data1\" content=\"1 minute\" \/>\n<script type=\"application\/ld+json\" class=\"yoast-schema-graph\">{\"@context\":\"https:\/\/schema.org\",\"@graph\":[{\"@type\":\"WebPage\",\"@id\":\"https:\/\/drfishing.fr\/produit\/equerre-de-fixation-sur-plancher-accessoire-support-de-perche\/\",\"url\":\"https:\/\/drfishing.fr\/produit\/equerre-de-fixation-sur-plancher-accessoire-support-de-perche\/\",\"name\":\"\u00c9querre de fixation sur plancher - DR Fishing\",\"isPartOf\":{\"@id\":\"https:\/\/drfishing.fr\/en\/#website\"},\"primaryImageOfPage\":{\"@id\":\"https:\/\/drfishing.fr\/produit\/equerre-de-fixation-sur-plancher-accessoire-support-de-perche\/#primaryimage\"},\"image\":{\"@id\":\"https:\/\/drfishing.fr\/produit\/equerre-de-fixation-sur-plancher-accessoire-support-de-perche\/#primaryimage\"},\"thumbnailUrl\":\"https:\/\/drfishing.fr\/wp-content\/uploads\/2025\/06\/SP001A01-1.webp\",\"datePublished\":\"2025-06-10T22:19:19+00:00\",\"dateModified\":\"2026-02-21T16:39:54+00:00\",\"breadcrumb\":{\"@id\":\"https:\/\/drfishing.fr\/produit\/equerre-de-fixation-sur-plancher-accessoire-support-de-perche\/#breadcrumb\"},\"inLanguage\":\"en-US\",\"potentialAction\":[{\"@type\":\"ReadAction\",\"target\":[\"https:\/\/drfishing.fr\/produit\/equerre-de-fixation-sur-plancher-accessoire-support-de-perche\/\"]}]},{\"@type\":\"ImageObject\",\"inLanguage\":\"en-US\",\"@id\":\"https:\/\/drfishing.fr\/produit\/equerre-de-fixation-sur-plancher-accessoire-support-de-perche\/#primaryimage\",\"url\":\"https:\/\/drfishing.fr\/wp-content\/uploads\/2025\/06\/SP001A01-1.webp\",\"contentUrl\":\"https:\/\/drfishing.fr\/wp-content\/uploads\/2025\/06\/SP001A01-1.webp\",\"width\":1280,\"height\":1280,\"caption\":\"SP001A01-1\"},{\"@type\":\"BreadcrumbList\",\"@id\":\"https:\/\/drfishing.fr\/produit\/equerre-de-fixation-sur-plancher-accessoire-support-de-perche\/#breadcrumb\",\"itemListElement\":[{\"@type\":\"ListItem\",\"position\":1,\"name\":\"Accueil\",\"item\":\"https:\/\/drfishing.fr\/en\/\"},{\"@type\":\"ListItem\",\"position\":2,\"name\":\"Produits\",\"item\":\"https:\/\/drfishing.fr\/en\/shop\/\"},{\"@type\":\"ListItem\",\"position\":3,\"name\":\"\u00c9querre de fixation sur plancher\"}]},{\"@type\":\"WebSite\",\"@id\":\"https:\/\/drfishing.fr\/en\/#website\",\"url\":\"https:\/\/drfishing.fr\/en\/\",\"name\":\"DR Fishing\",\"description\":\"La pr\u00e9cision au service de vos sessions\",\"publisher\":{\"@id\":\"https:\/\/drfishing.fr\/en\/#organization\"},\"potentialAction\":[{\"@type\":\"SearchAction\",\"target\":{\"@type\":\"EntryPoint\",\"urlTemplate\":\"https:\/\/drfishing.fr\/en\/?s={search_term_string}\"},\"query-input\":{\"@type\":\"PropertyValueSpecification\",\"valueRequired\":true,\"valueName\":\"search_term_string\"}}],\"inLanguage\":\"en-US\"},{\"@type\":\"Organization\",\"@id\":\"https:\/\/drfishing.fr\/en\/#organization\",\"name\":\"DR Fishing\",\"url\":\"https:\/\/drfishing.fr\/en\/\",\"logo\":{\"@type\":\"ImageObject\",\"inLanguage\":\"en-US\",\"@id\":\"https:\/\/drfishing.fr\/en\/#\/schema\/logo\/image\/\",\"url\":\"https:\/\/drfishing.fr\/wp-content\/uploads\/2026\/02\/favicon.png\",\"contentUrl\":\"https:\/\/drfishing.fr\/wp-content\/uploads\/2026\/02\/favicon.png\",\"width\":512,\"height\":512,\"caption\":\"DR Fishing\"},\"image\":{\"@id\":\"https:\/\/drfishing.fr\/en\/#\/schema\/logo\/image\/\"},\"sameAs\":[\"https:\/\/www.facebook.com\/drfishingofficiel\"]}]}<\/script>\n<!-- \/ Yoast SEO plugin. -->","yoast_head_json":{"title":"\u00c9querre de fixation sur plancher - DR Fishing","robots":{"index":"index","follow":"follow","max-snippet":"max-snippet:-1","max-image-preview":"max-image-preview:large","max-video-preview":"max-video-preview:-1"},"canonical":"https:\/\/drfishing.fr\/en\/product\/equerre-de-fixation-sur-plancher-accessoire-support-de-perche\/","og_locale":"en_US","og_type":"article","og_title":"\u00c9querre de fixation sur plancher - DR Fishing","og_description":"\u00c9querre de fixation sur plancher SP001A01 en inox 316L \u00e9lectropoli, id\u00e9ale pour une fixation directe sur plancher avec d\u00e9port pour \u00e9chapper le bord de l\u2019embarcation. Livr\u00e9e avec visserie compl\u00e8te en inox.","og_url":"https:\/\/drfishing.fr\/en\/product\/equerre-de-fixation-sur-plancher-accessoire-support-de-perche\/","og_site_name":"DR Fishing","article_publisher":"https:\/\/www.facebook.com\/drfishingofficiel","article_modified_time":"2026-02-21T16:39:54+00:00","og_image":[{"width":1280,"height":1280,"url":"https:\/\/drfishing.fr\/wp-content\/uploads\/2025\/06\/SP001A01-1.webp","type":"image\/webp"}],"twitter_card":"summary_large_image","twitter_misc":{"Est. reading time":"1 minute"},"schema":{"@context":"https:\/\/schema.org","@graph":[{"@type":"WebPage","@id":"https:\/\/drfishing.fr\/produit\/equerre-de-fixation-sur-plancher-accessoire-support-de-perche\/","url":"https:\/\/drfishing.fr\/produit\/equerre-de-fixation-sur-plancher-accessoire-support-de-perche\/","name":"\u00c9querre de fixation sur plancher - DR Fishing","isPartOf":{"@id":"https:\/\/drfishing.fr\/en\/#website"},"primaryImageOfPage":{"@id":"https:\/\/drfishing.fr\/produit\/equerre-de-fixation-sur-plancher-accessoire-support-de-perche\/#primaryimage"},"image":{"@id":"https:\/\/drfishing.fr\/produit\/equerre-de-fixation-sur-plancher-accessoire-support-de-perche\/#primaryimage"},"thumbnailUrl":"https:\/\/drfishing.fr\/wp-content\/uploads\/2025\/06\/SP001A01-1.webp","datePublished":"2025-06-10T22:19:19+00:00","dateModified":"2026-02-21T16:39:54+00:00","breadcrumb":{"@id":"https:\/\/drfishing.fr\/produit\/equerre-de-fixation-sur-plancher-accessoire-support-de-perche\/#breadcrumb"},"inLanguage":"en-US","potentialAction":[{"@type":"ReadAction","target":["https:\/\/drfishing.fr\/produit\/equerre-de-fixation-sur-plancher-accessoire-support-de-perche\/"]}]},{"@type":"ImageObject","inLanguage":"en-US","@id":"https:\/\/drfishing.fr\/produit\/equerre-de-fixation-sur-plancher-accessoire-support-de-perche\/#primaryimage","url":"https:\/\/drfishing.fr\/wp-content\/uploads\/2025\/06\/SP001A01-1.webp","contentUrl":"https:\/\/drfishing.fr\/wp-content\/uploads\/2025\/06\/SP001A01-1.webp","width":1280,"height":1280,"caption":"SP001A01-1"},{"@type":"BreadcrumbList","@id":"https:\/\/drfishing.fr\/produit\/equerre-de-fixation-sur-plancher-accessoire-support-de-perche\/#breadcrumb","itemListElement":[{"@type":"ListItem","position":1,"name":"Accueil","item":"https:\/\/drfishing.fr\/en\/"},{"@type":"ListItem","position":2,"name":"Produits","item":"https:\/\/drfishing.fr\/en\/shop\/"},{"@type":"ListItem","position":3,"name":"\u00c9querre de fixation sur plancher"}]},{"@type":"WebSite","@id":"https:\/\/drfishing.fr\/en\/#website","url":"https:\/\/drfishing.fr\/en\/","name":"DR Fishing","description":"Precision at the service of your sessions","publisher":{"@id":"https:\/\/drfishing.fr\/en\/#organization"},"potentialAction":[{"@type":"SearchAction","target":{"@type":"EntryPoint","urlTemplate":"https:\/\/drfishing.fr\/en\/?s={search_term_string}"},"query-input":{"@type":"PropertyValueSpecification","valueRequired":true,"valueName":"search_term_string"}}],"inLanguage":"en-US"},{"@type":"Organization","@id":"https:\/\/drfishing.fr\/en\/#organization","name":"DR Fishing","url":"https:\/\/drfishing.fr\/en\/","logo":{"@type":"ImageObject","inLanguage":"en-US","@id":"https:\/\/drfishing.fr\/en\/#\/schema\/logo\/image\/","url":"https:\/\/drfishing.fr\/wp-content\/uploads\/2026\/02\/favicon.png","contentUrl":"https:\/\/drfishing.fr\/wp-content\/uploads\/2026\/02\/favicon.png","width":512,"height":512,"caption":"DR Fishing"},"image":{"@id":"https:\/\/drfishing.fr\/en\/#\/schema\/logo\/image\/"},"sameAs":["https:\/\/www.facebook.com\/drfishingofficiel"]}]}},"_links":{"self":[{"href":"https:\/\/drfishing.fr\/en\/wp-json\/wp\/v2\/product\/28131","targetHints":{"allow":["GET"]}}],"collection":[{"href":"https:\/\/drfishing.fr\/en\/wp-json\/wp\/v2\/product"}],"about":[{"href":"https:\/\/drfishing.fr\/en\/wp-json\/wp\/v2\/types\/product"}],"version-history":[{"count":4,"href":"https:\/\/drfishing.fr\/en\/wp-json\/wp\/v2\/product\/28131\/revisions"}],"predecessor-version":[{"id":28136,"href":"https:\/\/drfishing.fr\/en\/wp-json\/wp\/v2\/product\/28131\/revisions\/28136"}],"wp:featuredmedia":[{"embeddable":true,"href":"https:\/\/drfishing.fr\/en\/wp-json\/wp\/v2\/media\/28917"}],"wp:attachment":[{"href":"https:\/\/drfishing.fr\/en\/wp-json\/wp\/v2\/media?parent=28131"}],"wp:term":[{"taxonomy":"product_brand","embeddable":true,"href":"https:\/\/drfishing.fr\/en\/wp-json\/wp\/v2\/product_brand?post=28131"},{"taxonomy":"product_cat","embeddable":true,"href":"https:\/\/drfishing.fr\/en\/wp-json\/wp\/v2\/product_cat?post=28131"},{"taxonomy":"product_tag","embeddable":true,"href":"https:\/\/drfishing.fr\/en\/wp-json\/wp\/v2\/product_tag?post=28131"}],"curies":[{"name":"wp","href":"https:\/\/api.w.org\/{rel}","templated":true}]}}