{"id":28144,"date":"2025-06-10T22:28:50","date_gmt":"2025-06-10T22:28:50","guid":{"rendered":"https:\/\/angry-hodgkin.217-154-19-156.plesk.page\/?post_type=product&#038;p=28144"},"modified":"2026-02-05T17:07:30","modified_gmt":"2026-02-05T17:07:30","slug":"quick-release-v2accessoire-support-de-perche","status":"publish","type":"product","link":"https:\/\/drfishing.fr\/en\/product\/quick-release-v2accessoire-support-de-perche\/","title":{"rendered":"Quick-release v2"},"content":{"rendered":"<p class=\"p1\">Allows for quick dismantling of the entire support assembly + manual or motorized pole.<\/p>\n<p class=\"p1\">It consists of 2 stainless steel plates, a fixed plate which mounts on the support&#039;s fixing bracket, which has 2 knurled nuts for locking the second mobile plate, screwed onto the pole support.<\/p>\n<p>Reference : <strong>SP001A03<\/strong><\/p>","protected":false},"excerpt":{"rendered":"<p><strong>Quick-release v2 SP001A03<\/strong>\u00a0Simple and efficient dismantling system for support + manual or motorized pole. Composed of two stainless steel plates with locking mechanisms using knurled nuts.<\/p>","protected":false},"featured_media":28915,"template":"","meta":[],"product_brand":[],"product_cat":[76],"product_tag":[],"class_list":{"0":"post-28144","1":"product","2":"type-product","3":"status-publish","4":"has-post-thumbnail","6":"product_cat-accessoire","8":"first","9":"instock","10":"shipping-taxable","11":"purchasable","12":"product-type-simple"},"yoast_head":"<!-- This site is optimized with the Yoast SEO plugin v27.1.1 - https:\/\/yoast.com\/product\/yoast-seo-wordpress\/ -->\n<title>Quick-release v2 - DR Fishing<\/title>\n<meta name=\"robots\" content=\"index, follow, max-snippet:-1, max-image-preview:large, max-video-preview:-1\" \/>\n<link rel=\"canonical\" href=\"https:\/\/drfishing.fr\/en\/product\/quick-release-v2accessoire-support-de-perche\/\" \/>\n<meta property=\"og:locale\" content=\"en_US\" \/>\n<meta property=\"og:type\" content=\"article\" \/>\n<meta property=\"og:title\" content=\"Quick-release v2 - DR Fishing\" \/>\n<meta property=\"og:description\" content=\"Quick-release v2 SP001A03\u00a0Syst\u00e8me de d\u00e9montage simple et efficace pour support + perche manuelle ou motoris\u00e9e. Compos\u00e9 de deux platines inox avec blocage par \u00e9crous molet\u00e9s.\" \/>\n<meta property=\"og:url\" content=\"https:\/\/drfishing.fr\/en\/product\/quick-release-v2accessoire-support-de-perche\/\" \/>\n<meta property=\"og:site_name\" content=\"DR Fishing\" \/>\n<meta property=\"article:publisher\" content=\"https:\/\/www.facebook.com\/drfishingofficiel\" \/>\n<meta property=\"article:modified_time\" content=\"2026-02-05T17:07:30+00:00\" \/>\n<meta property=\"og:image\" content=\"https:\/\/drfishing.fr\/wp-content\/uploads\/2025\/06\/SP001A03-1.webp\" \/>\n\t<meta property=\"og:image:width\" content=\"1280\" \/>\n\t<meta property=\"og:image:height\" content=\"1280\" \/>\n\t<meta property=\"og:image:type\" content=\"image\/webp\" \/>\n<meta name=\"twitter:card\" content=\"summary_large_image\" \/>\n<meta name=\"twitter:label1\" content=\"Est. reading time\" \/>\n\t<meta name=\"twitter:data1\" content=\"1 minute\" \/>\n<script type=\"application\/ld+json\" class=\"yoast-schema-graph\">{\"@context\":\"https:\/\/schema.org\",\"@graph\":[{\"@type\":\"WebPage\",\"@id\":\"https:\/\/drfishing.fr\/produit\/quick-release-v2accessoire-support-de-perche\/\",\"url\":\"https:\/\/drfishing.fr\/produit\/quick-release-v2accessoire-support-de-perche\/\",\"name\":\"Quick-release v2 - DR Fishing\",\"isPartOf\":{\"@id\":\"https:\/\/drfishing.fr\/en\/#website\"},\"primaryImageOfPage\":{\"@id\":\"https:\/\/drfishing.fr\/produit\/quick-release-v2accessoire-support-de-perche\/#primaryimage\"},\"image\":{\"@id\":\"https:\/\/drfishing.fr\/produit\/quick-release-v2accessoire-support-de-perche\/#primaryimage\"},\"thumbnailUrl\":\"https:\/\/drfishing.fr\/wp-content\/uploads\/2025\/06\/SP001A03-1.webp\",\"datePublished\":\"2025-06-10T22:28:50+00:00\",\"dateModified\":\"2026-02-05T17:07:30+00:00\",\"breadcrumb\":{\"@id\":\"https:\/\/drfishing.fr\/produit\/quick-release-v2accessoire-support-de-perche\/#breadcrumb\"},\"inLanguage\":\"en-US\",\"potentialAction\":[{\"@type\":\"ReadAction\",\"target\":[\"https:\/\/drfishing.fr\/produit\/quick-release-v2accessoire-support-de-perche\/\"]}]},{\"@type\":\"ImageObject\",\"inLanguage\":\"en-US\",\"@id\":\"https:\/\/drfishing.fr\/produit\/quick-release-v2accessoire-support-de-perche\/#primaryimage\",\"url\":\"https:\/\/drfishing.fr\/wp-content\/uploads\/2025\/06\/SP001A03-1.webp\",\"contentUrl\":\"https:\/\/drfishing.fr\/wp-content\/uploads\/2025\/06\/SP001A03-1.webp\",\"width\":1280,\"height\":1280,\"caption\":\"SP001A03-1\"},{\"@type\":\"BreadcrumbList\",\"@id\":\"https:\/\/drfishing.fr\/produit\/quick-release-v2accessoire-support-de-perche\/#breadcrumb\",\"itemListElement\":[{\"@type\":\"ListItem\",\"position\":1,\"name\":\"Accueil\",\"item\":\"https:\/\/drfishing.fr\/en\/\"},{\"@type\":\"ListItem\",\"position\":2,\"name\":\"Produits\",\"item\":\"https:\/\/drfishing.fr\/en\/shop\/\"},{\"@type\":\"ListItem\",\"position\":3,\"name\":\"Quick-release v2\"}]},{\"@type\":\"WebSite\",\"@id\":\"https:\/\/drfishing.fr\/en\/#website\",\"url\":\"https:\/\/drfishing.fr\/en\/\",\"name\":\"DR Fishing\",\"description\":\"La pr\u00e9cision au service de vos sessions\",\"publisher\":{\"@id\":\"https:\/\/drfishing.fr\/en\/#organization\"},\"potentialAction\":[{\"@type\":\"SearchAction\",\"target\":{\"@type\":\"EntryPoint\",\"urlTemplate\":\"https:\/\/drfishing.fr\/en\/?s={search_term_string}\"},\"query-input\":{\"@type\":\"PropertyValueSpecification\",\"valueRequired\":true,\"valueName\":\"search_term_string\"}}],\"inLanguage\":\"en-US\"},{\"@type\":\"Organization\",\"@id\":\"https:\/\/drfishing.fr\/en\/#organization\",\"name\":\"DR Fishing\",\"url\":\"https:\/\/drfishing.fr\/en\/\",\"logo\":{\"@type\":\"ImageObject\",\"inLanguage\":\"en-US\",\"@id\":\"https:\/\/drfishing.fr\/en\/#\/schema\/logo\/image\/\",\"url\":\"https:\/\/drfishing.fr\/wp-content\/uploads\/2026\/02\/favicon.png\",\"contentUrl\":\"https:\/\/drfishing.fr\/wp-content\/uploads\/2026\/02\/favicon.png\",\"width\":512,\"height\":512,\"caption\":\"DR Fishing\"},\"image\":{\"@id\":\"https:\/\/drfishing.fr\/en\/#\/schema\/logo\/image\/\"},\"sameAs\":[\"https:\/\/www.facebook.com\/drfishingofficiel\"]}]}<\/script>\n<!-- \/ Yoast SEO plugin. -->","yoast_head_json":{"title":"Quick-release v2 - DR Fishing","robots":{"index":"index","follow":"follow","max-snippet":"max-snippet:-1","max-image-preview":"max-image-preview:large","max-video-preview":"max-video-preview:-1"},"canonical":"https:\/\/drfishing.fr\/en\/product\/quick-release-v2accessoire-support-de-perche\/","og_locale":"en_US","og_type":"article","og_title":"Quick-release v2 - DR Fishing","og_description":"Quick-release v2 SP001A03\u00a0Syst\u00e8me de d\u00e9montage simple et efficace pour support + perche manuelle ou motoris\u00e9e. Compos\u00e9 de deux platines inox avec blocage par \u00e9crous molet\u00e9s.","og_url":"https:\/\/drfishing.fr\/en\/product\/quick-release-v2accessoire-support-de-perche\/","og_site_name":"DR Fishing","article_publisher":"https:\/\/www.facebook.com\/drfishingofficiel","article_modified_time":"2026-02-05T17:07:30+00:00","og_image":[{"width":1280,"height":1280,"url":"https:\/\/drfishing.fr\/wp-content\/uploads\/2025\/06\/SP001A03-1.webp","type":"image\/webp"}],"twitter_card":"summary_large_image","twitter_misc":{"Est. reading time":"1 minute"},"schema":{"@context":"https:\/\/schema.org","@graph":[{"@type":"WebPage","@id":"https:\/\/drfishing.fr\/produit\/quick-release-v2accessoire-support-de-perche\/","url":"https:\/\/drfishing.fr\/produit\/quick-release-v2accessoire-support-de-perche\/","name":"Quick-release v2 - DR Fishing","isPartOf":{"@id":"https:\/\/drfishing.fr\/en\/#website"},"primaryImageOfPage":{"@id":"https:\/\/drfishing.fr\/produit\/quick-release-v2accessoire-support-de-perche\/#primaryimage"},"image":{"@id":"https:\/\/drfishing.fr\/produit\/quick-release-v2accessoire-support-de-perche\/#primaryimage"},"thumbnailUrl":"https:\/\/drfishing.fr\/wp-content\/uploads\/2025\/06\/SP001A03-1.webp","datePublished":"2025-06-10T22:28:50+00:00","dateModified":"2026-02-05T17:07:30+00:00","breadcrumb":{"@id":"https:\/\/drfishing.fr\/produit\/quick-release-v2accessoire-support-de-perche\/#breadcrumb"},"inLanguage":"en-US","potentialAction":[{"@type":"ReadAction","target":["https:\/\/drfishing.fr\/produit\/quick-release-v2accessoire-support-de-perche\/"]}]},{"@type":"ImageObject","inLanguage":"en-US","@id":"https:\/\/drfishing.fr\/produit\/quick-release-v2accessoire-support-de-perche\/#primaryimage","url":"https:\/\/drfishing.fr\/wp-content\/uploads\/2025\/06\/SP001A03-1.webp","contentUrl":"https:\/\/drfishing.fr\/wp-content\/uploads\/2025\/06\/SP001A03-1.webp","width":1280,"height":1280,"caption":"SP001A03-1"},{"@type":"BreadcrumbList","@id":"https:\/\/drfishing.fr\/produit\/quick-release-v2accessoire-support-de-perche\/#breadcrumb","itemListElement":[{"@type":"ListItem","position":1,"name":"Accueil","item":"https:\/\/drfishing.fr\/en\/"},{"@type":"ListItem","position":2,"name":"Produits","item":"https:\/\/drfishing.fr\/en\/shop\/"},{"@type":"ListItem","position":3,"name":"Quick-release v2"}]},{"@type":"WebSite","@id":"https:\/\/drfishing.fr\/en\/#website","url":"https:\/\/drfishing.fr\/en\/","name":"DR Fishing","description":"Precision at the service of your sessions","publisher":{"@id":"https:\/\/drfishing.fr\/en\/#organization"},"potentialAction":[{"@type":"SearchAction","target":{"@type":"EntryPoint","urlTemplate":"https:\/\/drfishing.fr\/en\/?s={search_term_string}"},"query-input":{"@type":"PropertyValueSpecification","valueRequired":true,"valueName":"search_term_string"}}],"inLanguage":"en-US"},{"@type":"Organization","@id":"https:\/\/drfishing.fr\/en\/#organization","name":"DR Fishing","url":"https:\/\/drfishing.fr\/en\/","logo":{"@type":"ImageObject","inLanguage":"en-US","@id":"https:\/\/drfishing.fr\/en\/#\/schema\/logo\/image\/","url":"https:\/\/drfishing.fr\/wp-content\/uploads\/2026\/02\/favicon.png","contentUrl":"https:\/\/drfishing.fr\/wp-content\/uploads\/2026\/02\/favicon.png","width":512,"height":512,"caption":"DR Fishing"},"image":{"@id":"https:\/\/drfishing.fr\/en\/#\/schema\/logo\/image\/"},"sameAs":["https:\/\/www.facebook.com\/drfishingofficiel"]}]}},"_links":{"self":[{"href":"https:\/\/drfishing.fr\/en\/wp-json\/wp\/v2\/product\/28144","targetHints":{"allow":["GET"]}}],"collection":[{"href":"https:\/\/drfishing.fr\/en\/wp-json\/wp\/v2\/product"}],"about":[{"href":"https:\/\/drfishing.fr\/en\/wp-json\/wp\/v2\/types\/product"}],"version-history":[{"count":4,"href":"https:\/\/drfishing.fr\/en\/wp-json\/wp\/v2\/product\/28144\/revisions"}],"predecessor-version":[{"id":28580,"href":"https:\/\/drfishing.fr\/en\/wp-json\/wp\/v2\/product\/28144\/revisions\/28580"}],"wp:featuredmedia":[{"embeddable":true,"href":"https:\/\/drfishing.fr\/en\/wp-json\/wp\/v2\/media\/28915"}],"wp:attachment":[{"href":"https:\/\/drfishing.fr\/en\/wp-json\/wp\/v2\/media?parent=28144"}],"wp:term":[{"taxonomy":"product_brand","embeddable":true,"href":"https:\/\/drfishing.fr\/en\/wp-json\/wp\/v2\/product_brand?post=28144"},{"taxonomy":"product_cat","embeddable":true,"href":"https:\/\/drfishing.fr\/en\/wp-json\/wp\/v2\/product_cat?post=28144"},{"taxonomy":"product_tag","embeddable":true,"href":"https:\/\/drfishing.fr\/en\/wp-json\/wp\/v2\/product_tag?post=28144"}],"curies":[{"name":"wp","href":"https:\/\/api.w.org\/{rel}","templated":true}]}}