{"id":28150,"date":"2025-06-10T22:33:39","date_gmt":"2025-06-10T22:33:39","guid":{"rendered":"https:\/\/angry-hodgkin.217-154-19-156.plesk.page\/?post_type=product&#038;p=28150"},"modified":"2026-02-11T18:07:15","modified_gmt":"2026-02-11T18:07:15","slug":"support-decran-telescopique","status":"publish","type":"product","link":"https:\/\/drfishing.fr\/en\/product\/support-decran-telescopique\/","title":{"rendered":"Telescopic screen support"},"content":{"rendered":"<p class=\"p1\">This telescopic mount allows for the installation of two screens and offers real comfort while fishing. The height of the screen mount can be adjusted over a range of 494mm.<\/p>\n<p class=\"p1\">This product features a &quot;quick release&quot; system which allows the complete assembly with the 2 screens to be retrieved very quickly, via a tightening wheel and an indexing finger.<\/p>\n<p class=\"p1\">All parts are made from 5083 marine aluminium, with black anodizing.<\/p>\n<p class=\"p1\">The telescopic cylinder is made of hard anodized aluminum.<\/p>\n<p class=\"p1\">The indexing finger and the tube end are made of 316L stainless steel treated by ionic nitriding to guarantee good hardness and durability.<\/p>\n<p>Base (\u2300) = 13.4 cm \/ Minimum footprint = 51 cm, maximum footprint = 79 cm \/ Weight = 5 kg<\/p>\n<p>Reference : <strong>SE001<\/strong><\/p>","protected":false},"excerpt":{"rendered":"<p><strong>SE001 Telescopic Monitor Mount<\/strong> \u2013 Height-adjustable mount with quick-release system for 2 screens. Optimal comfort on board thanks to its robust marine-grade aluminum construction.<\/p>","protected":false},"featured_media":28912,"template":"","meta":[],"product_brand":[],"product_cat":[77],"product_tag":[],"class_list":{"0":"post-28150","1":"product","2":"type-product","3":"status-publish","4":"has-post-thumbnail","6":"product_cat-support-decran","8":"first","9":"instock","10":"shipping-taxable","11":"purchasable","12":"product-type-simple"},"yoast_head":"<!-- This site is optimized with the Yoast SEO plugin v27.1.1 - https:\/\/yoast.com\/product\/yoast-seo-wordpress\/ -->\n<title>Support d\u2019\u00e9cran t\u00e9lescopique - DR Fishing<\/title>\n<meta name=\"robots\" content=\"index, follow, max-snippet:-1, max-image-preview:large, max-video-preview:-1\" \/>\n<link rel=\"canonical\" href=\"https:\/\/drfishing.fr\/en\/product\/support-decran-telescopique\/\" \/>\n<meta property=\"og:locale\" content=\"en_US\" \/>\n<meta property=\"og:type\" content=\"article\" \/>\n<meta property=\"og:title\" content=\"Support d\u2019\u00e9cran t\u00e9lescopique - DR Fishing\" \/>\n<meta property=\"og:description\" content=\"Support d\u2019\u00e9cran t\u00e9lescopique SE001 - Support r\u00e9glable en hauteur avec syst\u00e8me quick release pour 2 \u00e9crans. Confort optimal \u00e0 bord gr\u00e2ce \u00e0 sa conception robuste en aluminium marin.\" \/>\n<meta property=\"og:url\" content=\"https:\/\/drfishing.fr\/en\/product\/support-decran-telescopique\/\" \/>\n<meta property=\"og:site_name\" content=\"DR Fishing\" \/>\n<meta property=\"article:publisher\" content=\"https:\/\/www.facebook.com\/drfishingofficiel\" \/>\n<meta property=\"article:modified_time\" content=\"2026-02-11T18:07:15+00:00\" \/>\n<meta property=\"og:image\" content=\"https:\/\/drfishing.fr\/wp-content\/uploads\/2025\/06\/SE001-1.webp\" \/>\n\t<meta property=\"og:image:width\" content=\"1280\" \/>\n\t<meta property=\"og:image:height\" content=\"1280\" \/>\n\t<meta property=\"og:image:type\" content=\"image\/webp\" \/>\n<meta name=\"twitter:card\" content=\"summary_large_image\" \/>\n<meta name=\"twitter:label1\" content=\"Est. reading time\" \/>\n\t<meta name=\"twitter:data1\" content=\"1 minute\" \/>\n<script type=\"application\/ld+json\" class=\"yoast-schema-graph\">{\"@context\":\"https:\/\/schema.org\",\"@graph\":[{\"@type\":\"WebPage\",\"@id\":\"https:\/\/drfishing.fr\/produit\/support-decran-telescopique\/\",\"url\":\"https:\/\/drfishing.fr\/produit\/support-decran-telescopique\/\",\"name\":\"Support d\u2019\u00e9cran t\u00e9lescopique - DR Fishing\",\"isPartOf\":{\"@id\":\"https:\/\/drfishing.fr\/en\/#website\"},\"primaryImageOfPage\":{\"@id\":\"https:\/\/drfishing.fr\/produit\/support-decran-telescopique\/#primaryimage\"},\"image\":{\"@id\":\"https:\/\/drfishing.fr\/produit\/support-decran-telescopique\/#primaryimage\"},\"thumbnailUrl\":\"https:\/\/drfishing.fr\/wp-content\/uploads\/2025\/06\/SE001-1.webp\",\"datePublished\":\"2025-06-10T22:33:39+00:00\",\"dateModified\":\"2026-02-11T18:07:15+00:00\",\"breadcrumb\":{\"@id\":\"https:\/\/drfishing.fr\/produit\/support-decran-telescopique\/#breadcrumb\"},\"inLanguage\":\"en-US\",\"potentialAction\":[{\"@type\":\"ReadAction\",\"target\":[\"https:\/\/drfishing.fr\/produit\/support-decran-telescopique\/\"]}]},{\"@type\":\"ImageObject\",\"inLanguage\":\"en-US\",\"@id\":\"https:\/\/drfishing.fr\/produit\/support-decran-telescopique\/#primaryimage\",\"url\":\"https:\/\/drfishing.fr\/wp-content\/uploads\/2025\/06\/SE001-1.webp\",\"contentUrl\":\"https:\/\/drfishing.fr\/wp-content\/uploads\/2025\/06\/SE001-1.webp\",\"width\":1280,\"height\":1280,\"caption\":\"SE001-1\"},{\"@type\":\"BreadcrumbList\",\"@id\":\"https:\/\/drfishing.fr\/produit\/support-decran-telescopique\/#breadcrumb\",\"itemListElement\":[{\"@type\":\"ListItem\",\"position\":1,\"name\":\"Accueil\",\"item\":\"https:\/\/drfishing.fr\/en\/\"},{\"@type\":\"ListItem\",\"position\":2,\"name\":\"Produits\",\"item\":\"https:\/\/drfishing.fr\/en\/shop\/\"},{\"@type\":\"ListItem\",\"position\":3,\"name\":\"Support d\u2019\u00e9cran t\u00e9lescopique\"}]},{\"@type\":\"WebSite\",\"@id\":\"https:\/\/drfishing.fr\/en\/#website\",\"url\":\"https:\/\/drfishing.fr\/en\/\",\"name\":\"DR Fishing\",\"description\":\"La pr\u00e9cision au service de vos sessions\",\"publisher\":{\"@id\":\"https:\/\/drfishing.fr\/en\/#organization\"},\"potentialAction\":[{\"@type\":\"SearchAction\",\"target\":{\"@type\":\"EntryPoint\",\"urlTemplate\":\"https:\/\/drfishing.fr\/en\/?s={search_term_string}\"},\"query-input\":{\"@type\":\"PropertyValueSpecification\",\"valueRequired\":true,\"valueName\":\"search_term_string\"}}],\"inLanguage\":\"en-US\"},{\"@type\":\"Organization\",\"@id\":\"https:\/\/drfishing.fr\/en\/#organization\",\"name\":\"DR Fishing\",\"url\":\"https:\/\/drfishing.fr\/en\/\",\"logo\":{\"@type\":\"ImageObject\",\"inLanguage\":\"en-US\",\"@id\":\"https:\/\/drfishing.fr\/en\/#\/schema\/logo\/image\/\",\"url\":\"https:\/\/drfishing.fr\/wp-content\/uploads\/2026\/02\/favicon.png\",\"contentUrl\":\"https:\/\/drfishing.fr\/wp-content\/uploads\/2026\/02\/favicon.png\",\"width\":512,\"height\":512,\"caption\":\"DR Fishing\"},\"image\":{\"@id\":\"https:\/\/drfishing.fr\/en\/#\/schema\/logo\/image\/\"},\"sameAs\":[\"https:\/\/www.facebook.com\/drfishingofficiel\"]}]}<\/script>\n<!-- \/ Yoast SEO plugin. -->","yoast_head_json":{"title":"Support d\u2019\u00e9cran t\u00e9lescopique - DR Fishing","robots":{"index":"index","follow":"follow","max-snippet":"max-snippet:-1","max-image-preview":"max-image-preview:large","max-video-preview":"max-video-preview:-1"},"canonical":"https:\/\/drfishing.fr\/en\/product\/support-decran-telescopique\/","og_locale":"en_US","og_type":"article","og_title":"Support d\u2019\u00e9cran t\u00e9lescopique - DR Fishing","og_description":"Support d\u2019\u00e9cran t\u00e9lescopique SE001 - Support r\u00e9glable en hauteur avec syst\u00e8me quick release pour 2 \u00e9crans. Confort optimal \u00e0 bord gr\u00e2ce \u00e0 sa conception robuste en aluminium marin.","og_url":"https:\/\/drfishing.fr\/en\/product\/support-decran-telescopique\/","og_site_name":"DR Fishing","article_publisher":"https:\/\/www.facebook.com\/drfishingofficiel","article_modified_time":"2026-02-11T18:07:15+00:00","og_image":[{"width":1280,"height":1280,"url":"https:\/\/drfishing.fr\/wp-content\/uploads\/2025\/06\/SE001-1.webp","type":"image\/webp"}],"twitter_card":"summary_large_image","twitter_misc":{"Est. reading time":"1 minute"},"schema":{"@context":"https:\/\/schema.org","@graph":[{"@type":"WebPage","@id":"https:\/\/drfishing.fr\/produit\/support-decran-telescopique\/","url":"https:\/\/drfishing.fr\/produit\/support-decran-telescopique\/","name":"Support d\u2019\u00e9cran t\u00e9lescopique - DR Fishing","isPartOf":{"@id":"https:\/\/drfishing.fr\/en\/#website"},"primaryImageOfPage":{"@id":"https:\/\/drfishing.fr\/produit\/support-decran-telescopique\/#primaryimage"},"image":{"@id":"https:\/\/drfishing.fr\/produit\/support-decran-telescopique\/#primaryimage"},"thumbnailUrl":"https:\/\/drfishing.fr\/wp-content\/uploads\/2025\/06\/SE001-1.webp","datePublished":"2025-06-10T22:33:39+00:00","dateModified":"2026-02-11T18:07:15+00:00","breadcrumb":{"@id":"https:\/\/drfishing.fr\/produit\/support-decran-telescopique\/#breadcrumb"},"inLanguage":"en-US","potentialAction":[{"@type":"ReadAction","target":["https:\/\/drfishing.fr\/produit\/support-decran-telescopique\/"]}]},{"@type":"ImageObject","inLanguage":"en-US","@id":"https:\/\/drfishing.fr\/produit\/support-decran-telescopique\/#primaryimage","url":"https:\/\/drfishing.fr\/wp-content\/uploads\/2025\/06\/SE001-1.webp","contentUrl":"https:\/\/drfishing.fr\/wp-content\/uploads\/2025\/06\/SE001-1.webp","width":1280,"height":1280,"caption":"SE001-1"},{"@type":"BreadcrumbList","@id":"https:\/\/drfishing.fr\/produit\/support-decran-telescopique\/#breadcrumb","itemListElement":[{"@type":"ListItem","position":1,"name":"Accueil","item":"https:\/\/drfishing.fr\/en\/"},{"@type":"ListItem","position":2,"name":"Produits","item":"https:\/\/drfishing.fr\/en\/shop\/"},{"@type":"ListItem","position":3,"name":"Support d\u2019\u00e9cran t\u00e9lescopique"}]},{"@type":"WebSite","@id":"https:\/\/drfishing.fr\/en\/#website","url":"https:\/\/drfishing.fr\/en\/","name":"DR Fishing","description":"Precision at the service of your sessions","publisher":{"@id":"https:\/\/drfishing.fr\/en\/#organization"},"potentialAction":[{"@type":"SearchAction","target":{"@type":"EntryPoint","urlTemplate":"https:\/\/drfishing.fr\/en\/?s={search_term_string}"},"query-input":{"@type":"PropertyValueSpecification","valueRequired":true,"valueName":"search_term_string"}}],"inLanguage":"en-US"},{"@type":"Organization","@id":"https:\/\/drfishing.fr\/en\/#organization","name":"DR Fishing","url":"https:\/\/drfishing.fr\/en\/","logo":{"@type":"ImageObject","inLanguage":"en-US","@id":"https:\/\/drfishing.fr\/en\/#\/schema\/logo\/image\/","url":"https:\/\/drfishing.fr\/wp-content\/uploads\/2026\/02\/favicon.png","contentUrl":"https:\/\/drfishing.fr\/wp-content\/uploads\/2026\/02\/favicon.png","width":512,"height":512,"caption":"DR Fishing"},"image":{"@id":"https:\/\/drfishing.fr\/en\/#\/schema\/logo\/image\/"},"sameAs":["https:\/\/www.facebook.com\/drfishingofficiel"]}]}},"_links":{"self":[{"href":"https:\/\/drfishing.fr\/en\/wp-json\/wp\/v2\/product\/28150","targetHints":{"allow":["GET"]}}],"collection":[{"href":"https:\/\/drfishing.fr\/en\/wp-json\/wp\/v2\/product"}],"about":[{"href":"https:\/\/drfishing.fr\/en\/wp-json\/wp\/v2\/types\/product"}],"version-history":[{"count":5,"href":"https:\/\/drfishing.fr\/en\/wp-json\/wp\/v2\/product\/28150\/revisions"}],"predecessor-version":[{"id":29095,"href":"https:\/\/drfishing.fr\/en\/wp-json\/wp\/v2\/product\/28150\/revisions\/29095"}],"wp:featuredmedia":[{"embeddable":true,"href":"https:\/\/drfishing.fr\/en\/wp-json\/wp\/v2\/media\/28912"}],"wp:attachment":[{"href":"https:\/\/drfishing.fr\/en\/wp-json\/wp\/v2\/media?parent=28150"}],"wp:term":[{"taxonomy":"product_brand","embeddable":true,"href":"https:\/\/drfishing.fr\/en\/wp-json\/wp\/v2\/product_brand?post=28150"},{"taxonomy":"product_cat","embeddable":true,"href":"https:\/\/drfishing.fr\/en\/wp-json\/wp\/v2\/product_cat?post=28150"},{"taxonomy":"product_tag","embeddable":true,"href":"https:\/\/drfishing.fr\/en\/wp-json\/wp\/v2\/product_tag?post=28150"}],"curies":[{"name":"wp","href":"https:\/\/api.w.org\/{rel}","templated":true}]}}