{"id":28178,"date":"2025-06-10T22:59:16","date_gmt":"2025-06-10T22:59:16","guid":{"rendered":"https:\/\/angry-hodgkin.217-154-19-156.plesk.page\/?post_type=product&#038;p=28178"},"modified":"2026-02-05T17:02:15","modified_gmt":"2026-02-05T17:02:15","slug":"support-articule","status":"publish","type":"product","link":"https:\/\/drfishing.fr\/en\/product\/support-articule\/","title":{"rendered":"Articulated support"},"content":{"rendered":"<p class=\"p1\">This mount allows for optimal adjustment for a single 12-inch screen. It consists of a mounting base and two articulated nuts allowing angular adjustment along two axes.<\/p>\n<p class=\"p1\">The setting is locked without tools, using a cam lever.<\/p>\n<p class=\"p1\">It comes in 2 variants:<\/p>\n<p class=\"p1\"><strong>SE005-6I <\/strong>: Length of the 2 connecting rods = 6 inches (152.4mm)<\/p>\n<p class=\"p1\"><strong>SE005-9I <\/strong>: length of the 2 connecting rods = 9 inches (228.6mm)<\/p>","protected":false},"excerpt":{"rendered":"<p data-start=\"151\" data-end=\"303\"><strong>Articulated support SE005-6I\/9I<\/strong> \u2013 12-inch monitor mount with 2-axis adjustment via cam lever. Available in 6\u2033 or 9\u2033.<\/p>","protected":false},"featured_media":28904,"template":"","meta":[],"product_brand":[],"product_cat":[77],"product_tag":[],"class_list":{"0":"post-28178","1":"product","2":"type-product","3":"status-publish","4":"has-post-thumbnail","6":"product_cat-support-decran","8":"first","9":"instock","10":"shipping-taxable","11":"purchasable","12":"product-type-variable","13":"has-default-attributes"},"yoast_head":"<!-- This site is optimized with the Yoast SEO plugin v27.1.1 - https:\/\/yoast.com\/product\/yoast-seo-wordpress\/ -->\n<title>Support articul\u00e9 - DR Fishing<\/title>\n<meta name=\"robots\" content=\"index, follow, max-snippet:-1, max-image-preview:large, max-video-preview:-1\" \/>\n<link rel=\"canonical\" href=\"https:\/\/drfishing.fr\/en\/product\/support-articule\/\" \/>\n<meta property=\"og:locale\" content=\"en_US\" \/>\n<meta property=\"og:type\" content=\"article\" \/>\n<meta property=\"og:title\" content=\"Support articul\u00e9 - DR Fishing\" \/>\n<meta property=\"og:description\" content=\"Support articul\u00e9 SE005-6I\/9I - Support \u00e9cran 12 pouces avec r\u00e9glage sur 2 axes via levier \u00e0 came. Disponible en 6&quot; ou 9&quot;.\" \/>\n<meta property=\"og:url\" content=\"https:\/\/drfishing.fr\/en\/product\/support-articule\/\" \/>\n<meta property=\"og:site_name\" content=\"DR Fishing\" \/>\n<meta property=\"article:publisher\" content=\"https:\/\/www.facebook.com\/drfishingofficiel\" \/>\n<meta property=\"article:modified_time\" content=\"2026-02-05T17:02:15+00:00\" \/>\n<meta property=\"og:image\" content=\"https:\/\/drfishing.fr\/wp-content\/uploads\/2025\/06\/SE005-1.webp\" \/>\n\t<meta property=\"og:image:width\" content=\"1200\" \/>\n\t<meta property=\"og:image:height\" content=\"1200\" \/>\n\t<meta property=\"og:image:type\" content=\"image\/webp\" \/>\n<meta name=\"twitter:card\" content=\"summary_large_image\" \/>\n<meta name=\"twitter:label1\" content=\"Est. reading time\" \/>\n\t<meta name=\"twitter:data1\" content=\"1 minute\" \/>\n<script type=\"application\/ld+json\" class=\"yoast-schema-graph\">{\"@context\":\"https:\/\/schema.org\",\"@graph\":[{\"@type\":\"WebPage\",\"@id\":\"https:\/\/drfishing.fr\/produit\/support-articule\/\",\"url\":\"https:\/\/drfishing.fr\/produit\/support-articule\/\",\"name\":\"Support articul\u00e9 - DR Fishing\",\"isPartOf\":{\"@id\":\"https:\/\/drfishing.fr\/en\/#website\"},\"primaryImageOfPage\":{\"@id\":\"https:\/\/drfishing.fr\/produit\/support-articule\/#primaryimage\"},\"image\":{\"@id\":\"https:\/\/drfishing.fr\/produit\/support-articule\/#primaryimage\"},\"thumbnailUrl\":\"https:\/\/drfishing.fr\/wp-content\/uploads\/2025\/06\/SE005-1.webp\",\"datePublished\":\"2025-06-10T22:59:16+00:00\",\"dateModified\":\"2026-02-05T17:02:15+00:00\",\"breadcrumb\":{\"@id\":\"https:\/\/drfishing.fr\/produit\/support-articule\/#breadcrumb\"},\"inLanguage\":\"en-US\",\"potentialAction\":[{\"@type\":\"ReadAction\",\"target\":[\"https:\/\/drfishing.fr\/produit\/support-articule\/\"]}]},{\"@type\":\"ImageObject\",\"inLanguage\":\"en-US\",\"@id\":\"https:\/\/drfishing.fr\/produit\/support-articule\/#primaryimage\",\"url\":\"https:\/\/drfishing.fr\/wp-content\/uploads\/2025\/06\/SE005-1.webp\",\"contentUrl\":\"https:\/\/drfishing.fr\/wp-content\/uploads\/2025\/06\/SE005-1.webp\",\"width\":1200,\"height\":1200,\"caption\":\"SE005-1\"},{\"@type\":\"BreadcrumbList\",\"@id\":\"https:\/\/drfishing.fr\/produit\/support-articule\/#breadcrumb\",\"itemListElement\":[{\"@type\":\"ListItem\",\"position\":1,\"name\":\"Accueil\",\"item\":\"https:\/\/drfishing.fr\/en\/\"},{\"@type\":\"ListItem\",\"position\":2,\"name\":\"Produits\",\"item\":\"https:\/\/drfishing.fr\/en\/shop\/\"},{\"@type\":\"ListItem\",\"position\":3,\"name\":\"Support articul\u00e9\"}]},{\"@type\":\"WebSite\",\"@id\":\"https:\/\/drfishing.fr\/en\/#website\",\"url\":\"https:\/\/drfishing.fr\/en\/\",\"name\":\"DR Fishing\",\"description\":\"La pr\u00e9cision au service de vos sessions\",\"publisher\":{\"@id\":\"https:\/\/drfishing.fr\/en\/#organization\"},\"potentialAction\":[{\"@type\":\"SearchAction\",\"target\":{\"@type\":\"EntryPoint\",\"urlTemplate\":\"https:\/\/drfishing.fr\/en\/?s={search_term_string}\"},\"query-input\":{\"@type\":\"PropertyValueSpecification\",\"valueRequired\":true,\"valueName\":\"search_term_string\"}}],\"inLanguage\":\"en-US\"},{\"@type\":\"Organization\",\"@id\":\"https:\/\/drfishing.fr\/en\/#organization\",\"name\":\"DR Fishing\",\"url\":\"https:\/\/drfishing.fr\/en\/\",\"logo\":{\"@type\":\"ImageObject\",\"inLanguage\":\"en-US\",\"@id\":\"https:\/\/drfishing.fr\/en\/#\/schema\/logo\/image\/\",\"url\":\"https:\/\/drfishing.fr\/wp-content\/uploads\/2026\/02\/favicon.png\",\"contentUrl\":\"https:\/\/drfishing.fr\/wp-content\/uploads\/2026\/02\/favicon.png\",\"width\":512,\"height\":512,\"caption\":\"DR Fishing\"},\"image\":{\"@id\":\"https:\/\/drfishing.fr\/en\/#\/schema\/logo\/image\/\"},\"sameAs\":[\"https:\/\/www.facebook.com\/drfishingofficiel\"]}]}<\/script>\n<!-- \/ Yoast SEO plugin. -->","yoast_head_json":{"title":"Support articul\u00e9 - DR Fishing","robots":{"index":"index","follow":"follow","max-snippet":"max-snippet:-1","max-image-preview":"max-image-preview:large","max-video-preview":"max-video-preview:-1"},"canonical":"https:\/\/drfishing.fr\/en\/product\/support-articule\/","og_locale":"en_US","og_type":"article","og_title":"Support articul\u00e9 - DR Fishing","og_description":"Support articul\u00e9 SE005-6I\/9I - Support \u00e9cran 12 pouces avec r\u00e9glage sur 2 axes via levier \u00e0 came. Disponible en 6\" ou 9\".","og_url":"https:\/\/drfishing.fr\/en\/product\/support-articule\/","og_site_name":"DR Fishing","article_publisher":"https:\/\/www.facebook.com\/drfishingofficiel","article_modified_time":"2026-02-05T17:02:15+00:00","og_image":[{"width":1200,"height":1200,"url":"https:\/\/drfishing.fr\/wp-content\/uploads\/2025\/06\/SE005-1.webp","type":"image\/webp"}],"twitter_card":"summary_large_image","twitter_misc":{"Est. reading time":"1 minute"},"schema":{"@context":"https:\/\/schema.org","@graph":[{"@type":"WebPage","@id":"https:\/\/drfishing.fr\/produit\/support-articule\/","url":"https:\/\/drfishing.fr\/produit\/support-articule\/","name":"Support articul\u00e9 - DR Fishing","isPartOf":{"@id":"https:\/\/drfishing.fr\/en\/#website"},"primaryImageOfPage":{"@id":"https:\/\/drfishing.fr\/produit\/support-articule\/#primaryimage"},"image":{"@id":"https:\/\/drfishing.fr\/produit\/support-articule\/#primaryimage"},"thumbnailUrl":"https:\/\/drfishing.fr\/wp-content\/uploads\/2025\/06\/SE005-1.webp","datePublished":"2025-06-10T22:59:16+00:00","dateModified":"2026-02-05T17:02:15+00:00","breadcrumb":{"@id":"https:\/\/drfishing.fr\/produit\/support-articule\/#breadcrumb"},"inLanguage":"en-US","potentialAction":[{"@type":"ReadAction","target":["https:\/\/drfishing.fr\/produit\/support-articule\/"]}]},{"@type":"ImageObject","inLanguage":"en-US","@id":"https:\/\/drfishing.fr\/produit\/support-articule\/#primaryimage","url":"https:\/\/drfishing.fr\/wp-content\/uploads\/2025\/06\/SE005-1.webp","contentUrl":"https:\/\/drfishing.fr\/wp-content\/uploads\/2025\/06\/SE005-1.webp","width":1200,"height":1200,"caption":"SE005-1"},{"@type":"BreadcrumbList","@id":"https:\/\/drfishing.fr\/produit\/support-articule\/#breadcrumb","itemListElement":[{"@type":"ListItem","position":1,"name":"Accueil","item":"https:\/\/drfishing.fr\/en\/"},{"@type":"ListItem","position":2,"name":"Produits","item":"https:\/\/drfishing.fr\/en\/shop\/"},{"@type":"ListItem","position":3,"name":"Support articul\u00e9"}]},{"@type":"WebSite","@id":"https:\/\/drfishing.fr\/en\/#website","url":"https:\/\/drfishing.fr\/en\/","name":"DR Fishing","description":"Precision at the service of your sessions","publisher":{"@id":"https:\/\/drfishing.fr\/en\/#organization"},"potentialAction":[{"@type":"SearchAction","target":{"@type":"EntryPoint","urlTemplate":"https:\/\/drfishing.fr\/en\/?s={search_term_string}"},"query-input":{"@type":"PropertyValueSpecification","valueRequired":true,"valueName":"search_term_string"}}],"inLanguage":"en-US"},{"@type":"Organization","@id":"https:\/\/drfishing.fr\/en\/#organization","name":"DR Fishing","url":"https:\/\/drfishing.fr\/en\/","logo":{"@type":"ImageObject","inLanguage":"en-US","@id":"https:\/\/drfishing.fr\/en\/#\/schema\/logo\/image\/","url":"https:\/\/drfishing.fr\/wp-content\/uploads\/2026\/02\/favicon.png","contentUrl":"https:\/\/drfishing.fr\/wp-content\/uploads\/2026\/02\/favicon.png","width":512,"height":512,"caption":"DR Fishing"},"image":{"@id":"https:\/\/drfishing.fr\/en\/#\/schema\/logo\/image\/"},"sameAs":["https:\/\/www.facebook.com\/drfishingofficiel"]}]}},"_links":{"self":[{"href":"https:\/\/drfishing.fr\/en\/wp-json\/wp\/v2\/product\/28178","targetHints":{"allow":["GET"]}}],"collection":[{"href":"https:\/\/drfishing.fr\/en\/wp-json\/wp\/v2\/product"}],"about":[{"href":"https:\/\/drfishing.fr\/en\/wp-json\/wp\/v2\/types\/product"}],"version-history":[{"count":5,"href":"https:\/\/drfishing.fr\/en\/wp-json\/wp\/v2\/product\/28178\/revisions"}],"predecessor-version":[{"id":28817,"href":"https:\/\/drfishing.fr\/en\/wp-json\/wp\/v2\/product\/28178\/revisions\/28817"}],"wp:featuredmedia":[{"embeddable":true,"href":"https:\/\/drfishing.fr\/en\/wp-json\/wp\/v2\/media\/28904"}],"wp:attachment":[{"href":"https:\/\/drfishing.fr\/en\/wp-json\/wp\/v2\/media?parent=28178"}],"wp:term":[{"taxonomy":"product_brand","embeddable":true,"href":"https:\/\/drfishing.fr\/en\/wp-json\/wp\/v2\/product_brand?post=28178"},{"taxonomy":"product_cat","embeddable":true,"href":"https:\/\/drfishing.fr\/en\/wp-json\/wp\/v2\/product_cat?post=28178"},{"taxonomy":"product_tag","embeddable":true,"href":"https:\/\/drfishing.fr\/en\/wp-json\/wp\/v2\/product_tag?post=28178"}],"curies":[{"name":"wp","href":"https:\/\/api.w.org\/{rel}","templated":true}]}}