{"id":28610,"date":"2025-10-02T13:59:57","date_gmt":"2025-10-02T13:59:57","guid":{"rendered":"https:\/\/angry-hodgkin.217-154-19-156.plesk.page\/?post_type=product&#038;p=28610"},"modified":"2026-02-21T16:39:54","modified_gmt":"2026-02-21T16:39:54","slug":"perche-motorisee","status":"publish","type":"product","link":"https:\/\/drfishing.fr\/en\/product\/perche-motorisee\/","title":{"rendered":"Motorized pole"},"content":{"rendered":"<p class=\"p1\">The set is composed of:<\/p>\n<ul class=\"ul1\">\n<li class=\"li1\">1 motorized pole, supplied with its power cable (2.5 m) and a fuse (3 A).<\/li>\n<li class=\"li1\">1 wireless control pedal unit (supplied with batteries).<\/li>\n<li class=\"li1\">2 remote controls (with batteries)<\/li>\n<li class=\"li1\">A 0.98 m carbon pole, \u00d8 = 25 mm<\/li>\n<li class=\"li1\">A PE adapter sleeve for attaching the probe to the carbon tube.<br \/>\n(\u00d8 = 32)<\/li>\n<\/ul>\n<p>Compatible with Garmin Force, Ultrex, Ghost and Ultrex Quest motors<\/p>\n<p>Weight = 2.4 kg<\/p>\n<p>Reference : <strong>PE01<\/strong><\/p>","protected":false},"excerpt":{"rendered":"<p><strong>PE01 motorized pole <\/strong>\u2013 Includes motorized pole with power cable and fuse, foot pedals and 2 remote controls, 0.98m carbon fiber pole \u00d825, \u00d832 adapter sleeve<\/p>","protected":false},"featured_media":28887,"template":"","meta":[],"product_brand":[],"product_cat":[75],"product_tag":[],"class_list":{"0":"post-28610","1":"product","2":"type-product","3":"status-publish","4":"has-post-thumbnail","6":"product_cat-perche","8":"first","9":"instock","10":"shipping-taxable","11":"purchasable","12":"product-type-simple"},"yoast_head":"<!-- This site is optimized with the Yoast SEO plugin v27.1.1 - https:\/\/yoast.com\/product\/yoast-seo-wordpress\/ -->\n<title>Perche motoris\u00e9e - DR Fishing<\/title>\n<meta name=\"robots\" content=\"index, follow, max-snippet:-1, max-image-preview:large, max-video-preview:-1\" \/>\n<link rel=\"canonical\" href=\"https:\/\/drfishing.fr\/en\/product\/perche-motorisee\/\" \/>\n<meta property=\"og:locale\" content=\"en_US\" \/>\n<meta property=\"og:type\" content=\"article\" \/>\n<meta property=\"og:title\" content=\"Perche motoris\u00e9e - DR Fishing\" \/>\n<meta property=\"og:description\" content=\"Perche motoris\u00e9e PE01 - Comprend perche motoris\u00e9e avec c\u00e2ble d&#039;alimentation et fusible, p\u00e9dalier et 2 t\u00e9l\u00e9commandes, perche carbone 0,98m \u00d825, manchon d\u2019adaptation \u00d832\" \/>\n<meta property=\"og:url\" content=\"https:\/\/drfishing.fr\/en\/product\/perche-motorisee\/\" \/>\n<meta property=\"og:site_name\" content=\"DR Fishing\" \/>\n<meta property=\"article:publisher\" content=\"https:\/\/www.facebook.com\/drfishingofficiel\" \/>\n<meta property=\"article:modified_time\" content=\"2026-02-21T16:39:54+00:00\" \/>\n<meta property=\"og:image\" content=\"https:\/\/drfishing.fr\/wp-content\/uploads\/2025\/10\/PM001-1.webp\" \/>\n\t<meta property=\"og:image:width\" content=\"1280\" \/>\n\t<meta property=\"og:image:height\" content=\"1280\" \/>\n\t<meta property=\"og:image:type\" content=\"image\/webp\" \/>\n<meta name=\"twitter:card\" content=\"summary_large_image\" \/>\n<meta name=\"twitter:label1\" content=\"Est. reading time\" \/>\n\t<meta name=\"twitter:data1\" content=\"1 minute\" \/>\n<script type=\"application\/ld+json\" class=\"yoast-schema-graph\">{\"@context\":\"https:\/\/schema.org\",\"@graph\":[{\"@type\":\"WebPage\",\"@id\":\"https:\/\/drfishing.fr\/produit\/perche-motorisee\/\",\"url\":\"https:\/\/drfishing.fr\/produit\/perche-motorisee\/\",\"name\":\"Perche motoris\u00e9e - DR Fishing\",\"isPartOf\":{\"@id\":\"https:\/\/drfishing.fr\/en\/#website\"},\"primaryImageOfPage\":{\"@id\":\"https:\/\/drfishing.fr\/produit\/perche-motorisee\/#primaryimage\"},\"image\":{\"@id\":\"https:\/\/drfishing.fr\/produit\/perche-motorisee\/#primaryimage\"},\"thumbnailUrl\":\"https:\/\/drfishing.fr\/wp-content\/uploads\/2025\/10\/PM001-1.webp\",\"datePublished\":\"2025-10-02T13:59:57+00:00\",\"dateModified\":\"2026-02-21T16:39:54+00:00\",\"breadcrumb\":{\"@id\":\"https:\/\/drfishing.fr\/produit\/perche-motorisee\/#breadcrumb\"},\"inLanguage\":\"en-US\",\"potentialAction\":[{\"@type\":\"ReadAction\",\"target\":[\"https:\/\/drfishing.fr\/produit\/perche-motorisee\/\"]}]},{\"@type\":\"ImageObject\",\"inLanguage\":\"en-US\",\"@id\":\"https:\/\/drfishing.fr\/produit\/perche-motorisee\/#primaryimage\",\"url\":\"https:\/\/drfishing.fr\/wp-content\/uploads\/2025\/10\/PM001-1.webp\",\"contentUrl\":\"https:\/\/drfishing.fr\/wp-content\/uploads\/2025\/10\/PM001-1.webp\",\"width\":1280,\"height\":1280,\"caption\":\"PM001-1\"},{\"@type\":\"BreadcrumbList\",\"@id\":\"https:\/\/drfishing.fr\/produit\/perche-motorisee\/#breadcrumb\",\"itemListElement\":[{\"@type\":\"ListItem\",\"position\":1,\"name\":\"Accueil\",\"item\":\"https:\/\/drfishing.fr\/en\/\"},{\"@type\":\"ListItem\",\"position\":2,\"name\":\"Produits\",\"item\":\"https:\/\/drfishing.fr\/en\/shop\/\"},{\"@type\":\"ListItem\",\"position\":3,\"name\":\"Perche motoris\u00e9e\"}]},{\"@type\":\"WebSite\",\"@id\":\"https:\/\/drfishing.fr\/en\/#website\",\"url\":\"https:\/\/drfishing.fr\/en\/\",\"name\":\"DR Fishing\",\"description\":\"La pr\u00e9cision au service de vos sessions\",\"publisher\":{\"@id\":\"https:\/\/drfishing.fr\/en\/#organization\"},\"potentialAction\":[{\"@type\":\"SearchAction\",\"target\":{\"@type\":\"EntryPoint\",\"urlTemplate\":\"https:\/\/drfishing.fr\/en\/?s={search_term_string}\"},\"query-input\":{\"@type\":\"PropertyValueSpecification\",\"valueRequired\":true,\"valueName\":\"search_term_string\"}}],\"inLanguage\":\"en-US\"},{\"@type\":\"Organization\",\"@id\":\"https:\/\/drfishing.fr\/en\/#organization\",\"name\":\"DR Fishing\",\"url\":\"https:\/\/drfishing.fr\/en\/\",\"logo\":{\"@type\":\"ImageObject\",\"inLanguage\":\"en-US\",\"@id\":\"https:\/\/drfishing.fr\/en\/#\/schema\/logo\/image\/\",\"url\":\"https:\/\/drfishing.fr\/wp-content\/uploads\/2026\/02\/favicon.png\",\"contentUrl\":\"https:\/\/drfishing.fr\/wp-content\/uploads\/2026\/02\/favicon.png\",\"width\":512,\"height\":512,\"caption\":\"DR Fishing\"},\"image\":{\"@id\":\"https:\/\/drfishing.fr\/en\/#\/schema\/logo\/image\/\"},\"sameAs\":[\"https:\/\/www.facebook.com\/drfishingofficiel\"]}]}<\/script>\n<!-- \/ Yoast SEO plugin. -->","yoast_head_json":{"title":"Perche motoris\u00e9e - DR Fishing","robots":{"index":"index","follow":"follow","max-snippet":"max-snippet:-1","max-image-preview":"max-image-preview:large","max-video-preview":"max-video-preview:-1"},"canonical":"https:\/\/drfishing.fr\/en\/product\/perche-motorisee\/","og_locale":"en_US","og_type":"article","og_title":"Perche motoris\u00e9e - DR Fishing","og_description":"Perche motoris\u00e9e PE01 - Comprend perche motoris\u00e9e avec c\u00e2ble d'alimentation et fusible, p\u00e9dalier et 2 t\u00e9l\u00e9commandes, perche carbone 0,98m \u00d825, manchon d\u2019adaptation \u00d832","og_url":"https:\/\/drfishing.fr\/en\/product\/perche-motorisee\/","og_site_name":"DR Fishing","article_publisher":"https:\/\/www.facebook.com\/drfishingofficiel","article_modified_time":"2026-02-21T16:39:54+00:00","og_image":[{"width":1280,"height":1280,"url":"https:\/\/drfishing.fr\/wp-content\/uploads\/2025\/10\/PM001-1.webp","type":"image\/webp"}],"twitter_card":"summary_large_image","twitter_misc":{"Est. reading time":"1 minute"},"schema":{"@context":"https:\/\/schema.org","@graph":[{"@type":"WebPage","@id":"https:\/\/drfishing.fr\/produit\/perche-motorisee\/","url":"https:\/\/drfishing.fr\/produit\/perche-motorisee\/","name":"Perche motoris\u00e9e - DR Fishing","isPartOf":{"@id":"https:\/\/drfishing.fr\/en\/#website"},"primaryImageOfPage":{"@id":"https:\/\/drfishing.fr\/produit\/perche-motorisee\/#primaryimage"},"image":{"@id":"https:\/\/drfishing.fr\/produit\/perche-motorisee\/#primaryimage"},"thumbnailUrl":"https:\/\/drfishing.fr\/wp-content\/uploads\/2025\/10\/PM001-1.webp","datePublished":"2025-10-02T13:59:57+00:00","dateModified":"2026-02-21T16:39:54+00:00","breadcrumb":{"@id":"https:\/\/drfishing.fr\/produit\/perche-motorisee\/#breadcrumb"},"inLanguage":"en-US","potentialAction":[{"@type":"ReadAction","target":["https:\/\/drfishing.fr\/produit\/perche-motorisee\/"]}]},{"@type":"ImageObject","inLanguage":"en-US","@id":"https:\/\/drfishing.fr\/produit\/perche-motorisee\/#primaryimage","url":"https:\/\/drfishing.fr\/wp-content\/uploads\/2025\/10\/PM001-1.webp","contentUrl":"https:\/\/drfishing.fr\/wp-content\/uploads\/2025\/10\/PM001-1.webp","width":1280,"height":1280,"caption":"PM001-1"},{"@type":"BreadcrumbList","@id":"https:\/\/drfishing.fr\/produit\/perche-motorisee\/#breadcrumb","itemListElement":[{"@type":"ListItem","position":1,"name":"Accueil","item":"https:\/\/drfishing.fr\/en\/"},{"@type":"ListItem","position":2,"name":"Produits","item":"https:\/\/drfishing.fr\/en\/shop\/"},{"@type":"ListItem","position":3,"name":"Perche motoris\u00e9e"}]},{"@type":"WebSite","@id":"https:\/\/drfishing.fr\/en\/#website","url":"https:\/\/drfishing.fr\/en\/","name":"DR Fishing","description":"Precision at the service of your sessions","publisher":{"@id":"https:\/\/drfishing.fr\/en\/#organization"},"potentialAction":[{"@type":"SearchAction","target":{"@type":"EntryPoint","urlTemplate":"https:\/\/drfishing.fr\/en\/?s={search_term_string}"},"query-input":{"@type":"PropertyValueSpecification","valueRequired":true,"valueName":"search_term_string"}}],"inLanguage":"en-US"},{"@type":"Organization","@id":"https:\/\/drfishing.fr\/en\/#organization","name":"DR Fishing","url":"https:\/\/drfishing.fr\/en\/","logo":{"@type":"ImageObject","inLanguage":"en-US","@id":"https:\/\/drfishing.fr\/en\/#\/schema\/logo\/image\/","url":"https:\/\/drfishing.fr\/wp-content\/uploads\/2026\/02\/favicon.png","contentUrl":"https:\/\/drfishing.fr\/wp-content\/uploads\/2026\/02\/favicon.png","width":512,"height":512,"caption":"DR Fishing"},"image":{"@id":"https:\/\/drfishing.fr\/en\/#\/schema\/logo\/image\/"},"sameAs":["https:\/\/www.facebook.com\/drfishingofficiel"]}]}},"_links":{"self":[{"href":"https:\/\/drfishing.fr\/en\/wp-json\/wp\/v2\/product\/28610","targetHints":{"allow":["GET"]}}],"collection":[{"href":"https:\/\/drfishing.fr\/en\/wp-json\/wp\/v2\/product"}],"about":[{"href":"https:\/\/drfishing.fr\/en\/wp-json\/wp\/v2\/types\/product"}],"version-history":[{"count":7,"href":"https:\/\/drfishing.fr\/en\/wp-json\/wp\/v2\/product\/28610\/revisions"}],"predecessor-version":[{"id":29096,"href":"https:\/\/drfishing.fr\/en\/wp-json\/wp\/v2\/product\/28610\/revisions\/29096"}],"wp:featuredmedia":[{"embeddable":true,"href":"https:\/\/drfishing.fr\/en\/wp-json\/wp\/v2\/media\/28887"}],"wp:attachment":[{"href":"https:\/\/drfishing.fr\/en\/wp-json\/wp\/v2\/media?parent=28610"}],"wp:term":[{"taxonomy":"product_brand","embeddable":true,"href":"https:\/\/drfishing.fr\/en\/wp-json\/wp\/v2\/product_brand?post=28610"},{"taxonomy":"product_cat","embeddable":true,"href":"https:\/\/drfishing.fr\/en\/wp-json\/wp\/v2\/product_cat?post=28610"},{"taxonomy":"product_tag","embeddable":true,"href":"https:\/\/drfishing.fr\/en\/wp-json\/wp\/v2\/product_tag?post=28610"}],"curies":[{"name":"wp","href":"https:\/\/api.w.org\/{rel}","templated":true}]}}