{"id":28871,"date":"2026-02-03T13:31:54","date_gmt":"2026-02-03T13:31:54","guid":{"rendered":"https:\/\/angry-hodgkin.217-154-19-156.plesk.page\/?post_type=product&#038;p=28871"},"modified":"2026-02-11T18:09:38","modified_gmt":"2026-02-11T18:09:38","slug":"support-de-perche-v2","status":"publish","type":"product","link":"https:\/\/drfishing.fr\/en\/product\/support-de-perche-v2\/","title":{"rendered":"Pole support v2 (3 axes)"},"content":{"rendered":"<p class=\"p1\">The V2 pole mount has the same features as the SP001 (Pro Guide) pole mount.<\/p>\n<p>It is compatible with the PM01 manual pole as well as the PE01 motorized pole.<\/p>\n<p>Weight = 3.3 kg<\/p>\n<p>Reference : <strong data-start=\"64\" data-end=\"90\">SP002<\/strong><\/p>","protected":false},"excerpt":{"rendered":"<p><strong data-start=\"64\" data-end=\"90\">V2 SP002 Boom Arm Support <\/strong>\u2013 The V2 pole mount has the same features as the SP001 pole mount (Pro guide). It is compatible with the PM01 manual pole as well as the PE01 motorized pole.<\/p>","protected":false},"featured_media":28923,"template":"","meta":[],"product_brand":[],"product_cat":[75],"product_tag":[],"class_list":{"0":"post-28871","1":"product","2":"type-product","3":"status-publish","4":"has-post-thumbnail","6":"product_cat-perche","8":"first","9":"instock","10":"shipping-taxable","11":"purchasable","12":"product-type-simple"},"yoast_head":"<!-- This site is optimized with the Yoast SEO plugin v27.1.1 - https:\/\/yoast.com\/product\/yoast-seo-wordpress\/ -->\n<title>Support de perche v2 (3 Axes) - DR Fishing<\/title>\n<meta name=\"robots\" content=\"index, follow, max-snippet:-1, max-image-preview:large, max-video-preview:-1\" \/>\n<link rel=\"canonical\" href=\"https:\/\/drfishing.fr\/en\/product\/support-de-perche-v2\/\" \/>\n<meta property=\"og:locale\" content=\"en_US\" \/>\n<meta property=\"og:type\" content=\"article\" \/>\n<meta property=\"og:title\" content=\"Support de perche v2 (3 Axes) - DR Fishing\" \/>\n<meta property=\"og:description\" content=\"Support de perche V2 SP002 \u2013 Le support de perche V2 a les m\u00eames fonctionnalit\u00e9s que le support de perche SP001 (Pro guide). Il est compatible avec la perche manuelle PM01 ainsi que la perche motoris\u00e9e PE01.\" \/>\n<meta property=\"og:url\" content=\"https:\/\/drfishing.fr\/en\/product\/support-de-perche-v2\/\" \/>\n<meta property=\"og:site_name\" content=\"DR Fishing\" \/>\n<meta property=\"article:publisher\" content=\"https:\/\/www.facebook.com\/drfishingofficiel\" \/>\n<meta property=\"article:modified_time\" content=\"2026-02-11T18:09:38+00:00\" \/>\n<meta property=\"og:image\" content=\"https:\/\/drfishing.fr\/wp-content\/uploads\/2026\/02\/SP002-1.webp\" \/>\n\t<meta property=\"og:image:width\" content=\"1280\" \/>\n\t<meta property=\"og:image:height\" content=\"1280\" \/>\n\t<meta property=\"og:image:type\" content=\"image\/webp\" \/>\n<meta name=\"twitter:card\" content=\"summary_large_image\" \/>\n<meta name=\"twitter:label1\" content=\"Est. reading time\" \/>\n\t<meta name=\"twitter:data1\" content=\"1 minute\" \/>\n<script type=\"application\/ld+json\" class=\"yoast-schema-graph\">{\"@context\":\"https:\/\/schema.org\",\"@graph\":[{\"@type\":\"WebPage\",\"@id\":\"https:\/\/drfishing.fr\/en\/product\/support-de-perche-v2\/\",\"url\":\"https:\/\/drfishing.fr\/en\/product\/support-de-perche-v2\/\",\"name\":\"Support de perche v2 (3 Axes) - DR Fishing\",\"isPartOf\":{\"@id\":\"https:\/\/drfishing.fr\/en\/#website\"},\"primaryImageOfPage\":{\"@id\":\"https:\/\/drfishing.fr\/en\/product\/support-de-perche-v2\/#primaryimage\"},\"image\":{\"@id\":\"https:\/\/drfishing.fr\/en\/product\/support-de-perche-v2\/#primaryimage\"},\"thumbnailUrl\":\"https:\/\/drfishing.fr\/wp-content\/uploads\/2026\/02\/SP002-1.webp\",\"datePublished\":\"2026-02-03T13:31:54+00:00\",\"dateModified\":\"2026-02-11T18:09:38+00:00\",\"breadcrumb\":{\"@id\":\"https:\/\/drfishing.fr\/en\/product\/support-de-perche-v2\/#breadcrumb\"},\"inLanguage\":\"en-US\",\"potentialAction\":[{\"@type\":\"ReadAction\",\"target\":[\"https:\/\/drfishing.fr\/en\/product\/support-de-perche-v2\/\"]}]},{\"@type\":\"ImageObject\",\"inLanguage\":\"en-US\",\"@id\":\"https:\/\/drfishing.fr\/en\/product\/support-de-perche-v2\/#primaryimage\",\"url\":\"https:\/\/drfishing.fr\/wp-content\/uploads\/2026\/02\/SP002-1.webp\",\"contentUrl\":\"https:\/\/drfishing.fr\/wp-content\/uploads\/2026\/02\/SP002-1.webp\",\"width\":1280,\"height\":1280,\"caption\":\"SP002-1\"},{\"@type\":\"BreadcrumbList\",\"@id\":\"https:\/\/drfishing.fr\/en\/product\/support-de-perche-v2\/#breadcrumb\",\"itemListElement\":[{\"@type\":\"ListItem\",\"position\":1,\"name\":\"Accueil\",\"item\":\"https:\/\/drfishing.fr\/en\/\"},{\"@type\":\"ListItem\",\"position\":2,\"name\":\"Produits\",\"item\":\"https:\/\/drfishing.fr\/en\/shop\/\"},{\"@type\":\"ListItem\",\"position\":3,\"name\":\"Support de perche v2 (3 Axes)\"}]},{\"@type\":\"WebSite\",\"@id\":\"https:\/\/drfishing.fr\/en\/#website\",\"url\":\"https:\/\/drfishing.fr\/en\/\",\"name\":\"DR Fishing\",\"description\":\"La pr\u00e9cision au service de vos sessions\",\"publisher\":{\"@id\":\"https:\/\/drfishing.fr\/en\/#organization\"},\"potentialAction\":[{\"@type\":\"SearchAction\",\"target\":{\"@type\":\"EntryPoint\",\"urlTemplate\":\"https:\/\/drfishing.fr\/en\/?s={search_term_string}\"},\"query-input\":{\"@type\":\"PropertyValueSpecification\",\"valueRequired\":true,\"valueName\":\"search_term_string\"}}],\"inLanguage\":\"en-US\"},{\"@type\":\"Organization\",\"@id\":\"https:\/\/drfishing.fr\/en\/#organization\",\"name\":\"DR Fishing\",\"url\":\"https:\/\/drfishing.fr\/en\/\",\"logo\":{\"@type\":\"ImageObject\",\"inLanguage\":\"en-US\",\"@id\":\"https:\/\/drfishing.fr\/en\/#\/schema\/logo\/image\/\",\"url\":\"https:\/\/drfishing.fr\/wp-content\/uploads\/2026\/02\/favicon.png\",\"contentUrl\":\"https:\/\/drfishing.fr\/wp-content\/uploads\/2026\/02\/favicon.png\",\"width\":512,\"height\":512,\"caption\":\"DR Fishing\"},\"image\":{\"@id\":\"https:\/\/drfishing.fr\/en\/#\/schema\/logo\/image\/\"},\"sameAs\":[\"https:\/\/www.facebook.com\/drfishingofficiel\"]}]}<\/script>\n<!-- \/ Yoast SEO plugin. -->","yoast_head_json":{"title":"Support de perche v2 (3 Axes) - DR Fishing","robots":{"index":"index","follow":"follow","max-snippet":"max-snippet:-1","max-image-preview":"max-image-preview:large","max-video-preview":"max-video-preview:-1"},"canonical":"https:\/\/drfishing.fr\/en\/product\/support-de-perche-v2\/","og_locale":"en_US","og_type":"article","og_title":"Support de perche v2 (3 Axes) - DR Fishing","og_description":"Support de perche V2 SP002 \u2013 Le support de perche V2 a les m\u00eames fonctionnalit\u00e9s que le support de perche SP001 (Pro guide). Il est compatible avec la perche manuelle PM01 ainsi que la perche motoris\u00e9e PE01.","og_url":"https:\/\/drfishing.fr\/en\/product\/support-de-perche-v2\/","og_site_name":"DR Fishing","article_publisher":"https:\/\/www.facebook.com\/drfishingofficiel","article_modified_time":"2026-02-11T18:09:38+00:00","og_image":[{"width":1280,"height":1280,"url":"https:\/\/drfishing.fr\/wp-content\/uploads\/2026\/02\/SP002-1.webp","type":"image\/webp"}],"twitter_card":"summary_large_image","twitter_misc":{"Est. reading time":"1 minute"},"schema":{"@context":"https:\/\/schema.org","@graph":[{"@type":"WebPage","@id":"https:\/\/drfishing.fr\/en\/product\/support-de-perche-v2\/","url":"https:\/\/drfishing.fr\/en\/product\/support-de-perche-v2\/","name":"Support de perche v2 (3 Axes) - DR Fishing","isPartOf":{"@id":"https:\/\/drfishing.fr\/en\/#website"},"primaryImageOfPage":{"@id":"https:\/\/drfishing.fr\/en\/product\/support-de-perche-v2\/#primaryimage"},"image":{"@id":"https:\/\/drfishing.fr\/en\/product\/support-de-perche-v2\/#primaryimage"},"thumbnailUrl":"https:\/\/drfishing.fr\/wp-content\/uploads\/2026\/02\/SP002-1.webp","datePublished":"2026-02-03T13:31:54+00:00","dateModified":"2026-02-11T18:09:38+00:00","breadcrumb":{"@id":"https:\/\/drfishing.fr\/en\/product\/support-de-perche-v2\/#breadcrumb"},"inLanguage":"en-US","potentialAction":[{"@type":"ReadAction","target":["https:\/\/drfishing.fr\/en\/product\/support-de-perche-v2\/"]}]},{"@type":"ImageObject","inLanguage":"en-US","@id":"https:\/\/drfishing.fr\/en\/product\/support-de-perche-v2\/#primaryimage","url":"https:\/\/drfishing.fr\/wp-content\/uploads\/2026\/02\/SP002-1.webp","contentUrl":"https:\/\/drfishing.fr\/wp-content\/uploads\/2026\/02\/SP002-1.webp","width":1280,"height":1280,"caption":"SP002-1"},{"@type":"BreadcrumbList","@id":"https:\/\/drfishing.fr\/en\/product\/support-de-perche-v2\/#breadcrumb","itemListElement":[{"@type":"ListItem","position":1,"name":"Accueil","item":"https:\/\/drfishing.fr\/en\/"},{"@type":"ListItem","position":2,"name":"Produits","item":"https:\/\/drfishing.fr\/en\/shop\/"},{"@type":"ListItem","position":3,"name":"Support de perche v2 (3 Axes)"}]},{"@type":"WebSite","@id":"https:\/\/drfishing.fr\/en\/#website","url":"https:\/\/drfishing.fr\/en\/","name":"DR Fishing","description":"Precision at the service of your sessions","publisher":{"@id":"https:\/\/drfishing.fr\/en\/#organization"},"potentialAction":[{"@type":"SearchAction","target":{"@type":"EntryPoint","urlTemplate":"https:\/\/drfishing.fr\/en\/?s={search_term_string}"},"query-input":{"@type":"PropertyValueSpecification","valueRequired":true,"valueName":"search_term_string"}}],"inLanguage":"en-US"},{"@type":"Organization","@id":"https:\/\/drfishing.fr\/en\/#organization","name":"DR Fishing","url":"https:\/\/drfishing.fr\/en\/","logo":{"@type":"ImageObject","inLanguage":"en-US","@id":"https:\/\/drfishing.fr\/en\/#\/schema\/logo\/image\/","url":"https:\/\/drfishing.fr\/wp-content\/uploads\/2026\/02\/favicon.png","contentUrl":"https:\/\/drfishing.fr\/wp-content\/uploads\/2026\/02\/favicon.png","width":512,"height":512,"caption":"DR Fishing"},"image":{"@id":"https:\/\/drfishing.fr\/en\/#\/schema\/logo\/image\/"},"sameAs":["https:\/\/www.facebook.com\/drfishingofficiel"]}]}},"_links":{"self":[{"href":"https:\/\/drfishing.fr\/en\/wp-json\/wp\/v2\/product\/28871","targetHints":{"allow":["GET"]}}],"collection":[{"href":"https:\/\/drfishing.fr\/en\/wp-json\/wp\/v2\/product"}],"about":[{"href":"https:\/\/drfishing.fr\/en\/wp-json\/wp\/v2\/types\/product"}],"version-history":[{"count":6,"href":"https:\/\/drfishing.fr\/en\/wp-json\/wp\/v2\/product\/28871\/revisions"}],"predecessor-version":[{"id":29098,"href":"https:\/\/drfishing.fr\/en\/wp-json\/wp\/v2\/product\/28871\/revisions\/29098"}],"wp:featuredmedia":[{"embeddable":true,"href":"https:\/\/drfishing.fr\/en\/wp-json\/wp\/v2\/media\/28923"}],"wp:attachment":[{"href":"https:\/\/drfishing.fr\/en\/wp-json\/wp\/v2\/media?parent=28871"}],"wp:term":[{"taxonomy":"product_brand","embeddable":true,"href":"https:\/\/drfishing.fr\/en\/wp-json\/wp\/v2\/product_brand?post=28871"},{"taxonomy":"product_cat","embeddable":true,"href":"https:\/\/drfishing.fr\/en\/wp-json\/wp\/v2\/product_cat?post=28871"},{"taxonomy":"product_tag","embeddable":true,"href":"https:\/\/drfishing.fr\/en\/wp-json\/wp\/v2\/product_tag?post=28871"}],"curies":[{"name":"wp","href":"https:\/\/api.w.org\/{rel}","templated":true}]}}